{"id":1862,"date":"2026-03-31T12:39:25","date_gmt":"2026-03-31T12:39:25","guid":{"rendered":"https:\/\/campdudomaine.shop\/?post_type=product&#038;p=1862"},"modified":"2026-03-31T13:47:25","modified_gmt":"2026-03-31T13:47:25","slug":"floral-oil-copie-copie","status":"publish","type":"product","link":"https:\/\/campdudomaine.shop\/en\/produit\/floral-oil-copie-copie\/","title":{"rendered":"Eye contour"},"content":{"rendered":"<section class=\"about-product\">\n<div class=\"about-group\">\n<p class=\"about-text\"><strong>15 ml<\/strong><\/p>\n<\/div>\n<\/section>\n<div class=\"product-information\">\n<div id=\"product-description-short-42697\">\n<p>Face<\/p>\n<p>The eye contour serum is the ultimate ally for your eyes, combining an innovative gel texture with clinically proven active ingredients. The selected plants help visibly reduce puffiness, dark circles, wrinkles, and fine lines around the eyes. <\/p>\n<p><strong>Results:<\/strong> Brighter-looking eyes<\/p>\n<p><strong>The +:<\/strong> A refreshing sensation<\/p>\n<p><strong>Products sold are also available for direct purchase at the Domaine SPA<\/strong><\/p>\n<\/div>\n<\/div>\n","protected":false},"excerpt":{"rendered":"<p>15 ml Face The eye contour serum is the ultimate ally for your eyes, combining an innovative gel texture with clinically proven active ingredients. The selected plants help visibly reduce puffiness, dark circles, wrinkles, and fine lines around the eyes. Results: Brighter-looking eyes The +: A refreshing sensation Products sold are also available for direct [&hellip;]<\/p>\n","protected":false},"featured_media":1866,"comment_status":"closed","ping_status":"closed","template":"","meta":[],"product_brand":[],"product_cat":[108],"product_tag":[],"class_list":{"0":"post-1862","1":"product","2":"type-product","3":"status-publish","4":"has-post-thumbnail","6":"product_cat-spa","8":"first","9":"instock","10":"shipping-taxable","11":"purchasable","12":"product-type-simple"},"yoast_head":"<!-- This site is optimized with the Yoast SEO plugin v27.3 - https:\/\/yoast.com\/product\/yoast-seo-wordpress\/ -->\n<title>Eye contour - La Boutique du Camp du Domaine<\/title>\n<meta name=\"description\" content=\"Prolongez l&#039;exp\u00e9rience Camp du Domaine ! D\u00e9couvrez notre boutique en ligne : v\u00eatements exclusifs, produits de soin haut de gamme et r\u00e9servations de soins Spa pour un s\u00e9jour bien-\u00eatre inoubliable \u00e0 Bormes\" \/>\n<meta name=\"robots\" content=\"index, follow, max-snippet:-1, max-image-preview:large, max-video-preview:-1\" \/>\n<link rel=\"canonical\" href=\"https:\/\/campdudomaine.shop\/en\/produit\/floral-oil-copie-copie\/\" \/>\n<meta property=\"og:locale\" content=\"en_US\" \/>\n<meta property=\"og:type\" content=\"article\" \/>\n<meta property=\"og:title\" content=\"Eye contour - La Boutique du Camp du Domaine\" \/>\n<meta property=\"og:description\" content=\"Prolongez l&#039;exp\u00e9rience Camp du Domaine ! D\u00e9couvrez notre boutique en ligne : v\u00eatements exclusifs, produits de soin haut de gamme et r\u00e9servations de soins Spa pour un s\u00e9jour bien-\u00eatre inoubliable \u00e0 Bormes\" \/>\n<meta property=\"og:url\" content=\"https:\/\/campdudomaine.shop\/en\/produit\/floral-oil-copie-copie\/\" \/>\n<meta property=\"og:site_name\" content=\"La Boutique du Camp du Domaine\" \/>\n<meta property=\"article:modified_time\" content=\"2026-03-31T13:47:25+00:00\" \/>\n<meta property=\"og:image\" content=\"https:\/\/campdudomaine.shop\/wp-content\/uploads\/2026\/03\/contour-des-yeux-15ml.jpg\" \/>\n\t<meta property=\"og:image:width\" content=\"800\" \/>\n\t<meta property=\"og:image:height\" content=\"1040\" \/>\n\t<meta property=\"og:image:type\" content=\"image\/jpeg\" \/>\n<meta name=\"twitter:card\" content=\"summary_large_image\" \/>\n<script type=\"application\/ld+json\" class=\"yoast-schema-graph\">{\"@context\":\"https:\\\/\\\/schema.org\",\"@graph\":[{\"@type\":\"WebPage\",\"@id\":\"https:\\\/\\\/campdudomaine.shop\\\/en\\\/produit\\\/floral-oil-copie-copie\\\/\",\"url\":\"https:\\\/\\\/campdudomaine.shop\\\/en\\\/produit\\\/floral-oil-copie-copie\\\/\",\"name\":\"Eye contour - La Boutique du Camp du Domaine\",\"isPartOf\":{\"@id\":\"https:\\\/\\\/campdudomaine.shop\\\/en\\\/#website\"},\"primaryImageOfPage\":{\"@id\":\"https:\\\/\\\/campdudomaine.shop\\\/en\\\/produit\\\/floral-oil-copie-copie\\\/#primaryimage\"},\"image\":{\"@id\":\"https:\\\/\\\/campdudomaine.shop\\\/en\\\/produit\\\/floral-oil-copie-copie\\\/#primaryimage\"},\"thumbnailUrl\":\"https:\\\/\\\/campdudomaine.shop\\\/wp-content\\\/uploads\\\/2026\\\/03\\\/contour-des-yeux-15ml.jpg\",\"datePublished\":\"2026-03-31T12:39:25+00:00\",\"dateModified\":\"2026-03-31T13:47:25+00:00\",\"description\":\"Prolongez l'exp\u00e9rience Camp du Domaine ! D\u00e9couvrez notre boutique en ligne : v\u00eatements exclusifs, produits de soin haut de gamme et r\u00e9servations de soins Spa pour un s\u00e9jour bien-\u00eatre inoubliable \u00e0 Bormes\",\"breadcrumb\":{\"@id\":\"https:\\\/\\\/campdudomaine.shop\\\/en\\\/produit\\\/floral-oil-copie-copie\\\/#breadcrumb\"},\"inLanguage\":\"en-US\",\"potentialAction\":[{\"@type\":\"ReadAction\",\"target\":[\"https:\\\/\\\/campdudomaine.shop\\\/en\\\/produit\\\/floral-oil-copie-copie\\\/\"]}]},{\"@type\":\"ImageObject\",\"inLanguage\":\"en-US\",\"@id\":\"https:\\\/\\\/campdudomaine.shop\\\/en\\\/produit\\\/floral-oil-copie-copie\\\/#primaryimage\",\"url\":\"https:\\\/\\\/campdudomaine.shop\\\/wp-content\\\/uploads\\\/2026\\\/03\\\/contour-des-yeux-15ml.jpg\",\"contentUrl\":\"https:\\\/\\\/campdudomaine.shop\\\/wp-content\\\/uploads\\\/2026\\\/03\\\/contour-des-yeux-15ml.jpg\",\"width\":800,\"height\":1040},{\"@type\":\"BreadcrumbList\",\"@id\":\"https:\\\/\\\/campdudomaine.shop\\\/en\\\/produit\\\/floral-oil-copie-copie\\\/#breadcrumb\",\"itemListElement\":[{\"@type\":\"ListItem\",\"position\":1,\"name\":\"Accueil\",\"item\":\"https:\\\/\\\/campdudomaine.shop\\\/en\\\/home\\\/\"},{\"@type\":\"ListItem\",\"position\":2,\"name\":\"Shop\",\"item\":\"https:\\\/\\\/campdudomaine.shop\\\/en\\\/shop\\\/\"},{\"@type\":\"ListItem\",\"position\":3,\"name\":\"Eye contour\"}]},{\"@type\":\"WebSite\",\"@id\":\"https:\\\/\\\/campdudomaine.shop\\\/en\\\/#website\",\"url\":\"https:\\\/\\\/campdudomaine.shop\\\/en\\\/\",\"name\":\"La Boutique du Camp du Domaine\",\"description\":\"\",\"publisher\":{\"@id\":\"https:\\\/\\\/campdudomaine.shop\\\/en\\\/#organization\"},\"potentialAction\":[{\"@type\":\"SearchAction\",\"target\":{\"@type\":\"EntryPoint\",\"urlTemplate\":\"https:\\\/\\\/campdudomaine.shop\\\/en\\\/?s={search_term_string}\"},\"query-input\":{\"@type\":\"PropertyValueSpecification\",\"valueRequired\":true,\"valueName\":\"search_term_string\"}}],\"inLanguage\":\"en-US\"},{\"@type\":\"Organization\",\"@id\":\"https:\\\/\\\/campdudomaine.shop\\\/en\\\/#organization\",\"name\":\"La Boutique du Camp du Domaine\",\"url\":\"https:\\\/\\\/campdudomaine.shop\\\/en\\\/\",\"logo\":{\"@type\":\"ImageObject\",\"inLanguage\":\"en-US\",\"@id\":\"https:\\\/\\\/campdudomaine.shop\\\/en\\\/#\\\/schema\\\/logo\\\/image\\\/\",\"url\":\"https:\\\/\\\/campdudomaine.shop\\\/wp-content\\\/uploads\\\/2026\\\/03\\\/Logo-sans-fond.png\",\"contentUrl\":\"https:\\\/\\\/campdudomaine.shop\\\/wp-content\\\/uploads\\\/2026\\\/03\\\/Logo-sans-fond.png\",\"width\":2449,\"height\":2560,\"caption\":\"La Boutique du Camp du Domaine\"},\"image\":{\"@id\":\"https:\\\/\\\/campdudomaine.shop\\\/en\\\/#\\\/schema\\\/logo\\\/image\\\/\"}}]}<\/script>\n<!-- \/ Yoast SEO plugin. -->","yoast_head_json":{"title":"Eye contour - La Boutique du Camp du Domaine","description":"Prolongez l'exp\u00e9rience Camp du Domaine ! D\u00e9couvrez notre boutique en ligne : v\u00eatements exclusifs, produits de soin haut de gamme et r\u00e9servations de soins Spa pour un s\u00e9jour bien-\u00eatre inoubliable \u00e0 Bormes","robots":{"index":"index","follow":"follow","max-snippet":"max-snippet:-1","max-image-preview":"max-image-preview:large","max-video-preview":"max-video-preview:-1"},"canonical":"https:\/\/campdudomaine.shop\/en\/produit\/floral-oil-copie-copie\/","og_locale":"en_US","og_type":"article","og_title":"Eye contour - La Boutique du Camp du Domaine","og_description":"Prolongez l'exp\u00e9rience Camp du Domaine ! D\u00e9couvrez notre boutique en ligne : v\u00eatements exclusifs, produits de soin haut de gamme et r\u00e9servations de soins Spa pour un s\u00e9jour bien-\u00eatre inoubliable \u00e0 Bormes","og_url":"https:\/\/campdudomaine.shop\/en\/produit\/floral-oil-copie-copie\/","og_site_name":"La Boutique du Camp du Domaine","article_modified_time":"2026-03-31T13:47:25+00:00","og_image":[{"width":800,"height":1040,"url":"https:\/\/campdudomaine.shop\/wp-content\/uploads\/2026\/03\/contour-des-yeux-15ml.jpg","type":"image\/jpeg"}],"twitter_card":"summary_large_image","schema":{"@context":"https:\/\/schema.org","@graph":[{"@type":"WebPage","@id":"https:\/\/campdudomaine.shop\/en\/produit\/floral-oil-copie-copie\/","url":"https:\/\/campdudomaine.shop\/en\/produit\/floral-oil-copie-copie\/","name":"Eye contour - La Boutique du Camp du Domaine","isPartOf":{"@id":"https:\/\/campdudomaine.shop\/en\/#website"},"primaryImageOfPage":{"@id":"https:\/\/campdudomaine.shop\/en\/produit\/floral-oil-copie-copie\/#primaryimage"},"image":{"@id":"https:\/\/campdudomaine.shop\/en\/produit\/floral-oil-copie-copie\/#primaryimage"},"thumbnailUrl":"https:\/\/campdudomaine.shop\/wp-content\/uploads\/2026\/03\/contour-des-yeux-15ml.jpg","datePublished":"2026-03-31T12:39:25+00:00","dateModified":"2026-03-31T13:47:25+00:00","description":"Prolongez l'exp\u00e9rience Camp du Domaine ! D\u00e9couvrez notre boutique en ligne : v\u00eatements exclusifs, produits de soin haut de gamme et r\u00e9servations de soins Spa pour un s\u00e9jour bien-\u00eatre inoubliable \u00e0 Bormes","breadcrumb":{"@id":"https:\/\/campdudomaine.shop\/en\/produit\/floral-oil-copie-copie\/#breadcrumb"},"inLanguage":"en-US","potentialAction":[{"@type":"ReadAction","target":["https:\/\/campdudomaine.shop\/en\/produit\/floral-oil-copie-copie\/"]}]},{"@type":"ImageObject","inLanguage":"en-US","@id":"https:\/\/campdudomaine.shop\/en\/produit\/floral-oil-copie-copie\/#primaryimage","url":"https:\/\/campdudomaine.shop\/wp-content\/uploads\/2026\/03\/contour-des-yeux-15ml.jpg","contentUrl":"https:\/\/campdudomaine.shop\/wp-content\/uploads\/2026\/03\/contour-des-yeux-15ml.jpg","width":800,"height":1040},{"@type":"BreadcrumbList","@id":"https:\/\/campdudomaine.shop\/en\/produit\/floral-oil-copie-copie\/#breadcrumb","itemListElement":[{"@type":"ListItem","position":1,"name":"Accueil","item":"https:\/\/campdudomaine.shop\/en\/home\/"},{"@type":"ListItem","position":2,"name":"Shop","item":"https:\/\/campdudomaine.shop\/en\/shop\/"},{"@type":"ListItem","position":3,"name":"Eye contour"}]},{"@type":"WebSite","@id":"https:\/\/campdudomaine.shop\/en\/#website","url":"https:\/\/campdudomaine.shop\/en\/","name":"La Boutique du Camp du Domaine","description":"","publisher":{"@id":"https:\/\/campdudomaine.shop\/en\/#organization"},"potentialAction":[{"@type":"SearchAction","target":{"@type":"EntryPoint","urlTemplate":"https:\/\/campdudomaine.shop\/en\/?s={search_term_string}"},"query-input":{"@type":"PropertyValueSpecification","valueRequired":true,"valueName":"search_term_string"}}],"inLanguage":"en-US"},{"@type":"Organization","@id":"https:\/\/campdudomaine.shop\/en\/#organization","name":"La Boutique du Camp du Domaine","url":"https:\/\/campdudomaine.shop\/en\/","logo":{"@type":"ImageObject","inLanguage":"en-US","@id":"https:\/\/campdudomaine.shop\/en\/#\/schema\/logo\/image\/","url":"https:\/\/campdudomaine.shop\/wp-content\/uploads\/2026\/03\/Logo-sans-fond.png","contentUrl":"https:\/\/campdudomaine.shop\/wp-content\/uploads\/2026\/03\/Logo-sans-fond.png","width":2449,"height":2560,"caption":"La Boutique du Camp du Domaine"},"image":{"@id":"https:\/\/campdudomaine.shop\/en\/#\/schema\/logo\/image\/"}}]}},"_links":{"self":[{"href":"https:\/\/campdudomaine.shop\/en\/wp-json\/wp\/v2\/product\/1862","targetHints":{"allow":["GET"]}}],"collection":[{"href":"https:\/\/campdudomaine.shop\/en\/wp-json\/wp\/v2\/product"}],"about":[{"href":"https:\/\/campdudomaine.shop\/en\/wp-json\/wp\/v2\/types\/product"}],"replies":[{"embeddable":true,"href":"https:\/\/campdudomaine.shop\/en\/wp-json\/wp\/v2\/comments?post=1862"}],"wp:featuredmedia":[{"embeddable":true,"href":"https:\/\/campdudomaine.shop\/en\/wp-json\/wp\/v2\/media\/1866"}],"wp:attachment":[{"href":"https:\/\/campdudomaine.shop\/en\/wp-json\/wp\/v2\/media?parent=1862"}],"wp:term":[{"taxonomy":"product_brand","embeddable":true,"href":"https:\/\/campdudomaine.shop\/en\/wp-json\/wp\/v2\/product_brand?post=1862"},{"taxonomy":"product_cat","embeddable":true,"href":"https:\/\/campdudomaine.shop\/en\/wp-json\/wp\/v2\/product_cat?post=1862"},{"taxonomy":"product_tag","embeddable":true,"href":"https:\/\/campdudomaine.shop\/en\/wp-json\/wp\/v2\/product_tag?post=1862"}],"curies":[{"name":"wp","href":"https:\/\/api.w.org\/{rel}","templated":true}]}}