{"id":1809,"date":"2026-03-17T13:49:23","date_gmt":"2026-03-17T13:49:23","guid":{"rendered":"https:\/\/campdudomaine.shop\/produit\/cotton-tote-bag-camp-du-domaine-2026\/"},"modified":"2026-04-06T09:59:52","modified_gmt":"2026-04-06T09:59:52","slug":"cotton-tote-bag-camp-du-domaine-2026","status":"publish","type":"product","link":"https:\/\/campdudomaine.shop\/en\/produit\/cotton-tote-bag-camp-du-domaine-2026\/","title":{"rendered":"Cotton tote bag &#8211; Camp du Domaine 2026"},"content":{"rendered":"<p data-start=\"301\" data-end=\"465\">Practical, durable, and responsible, this Camp du Domaine tote bag goes everywhere with you: from the morning market to the beach, and on your walks around the campsite.<\/p>\n<p data-start=\"467\" data-end=\"572\">Its custom design makes it much more than a bag: a useful keepsake you\u2019ll keep for a long time.<\/p>\n<p data-start=\"613\" data-end=\"687\">Perfect size for <strong data-start=\"633\" data-end=\"687\">shopping, the beach, or everyday essentials<br \/>\n<\/strong><strong data-start=\"633\" data-end=\"687\">Print on both sides, with a different visual on the front and back<br \/>\n<\/strong>Simple, natural look that goes with everything<br \/>\nA durable product (not a cheap tote you throw away)<br \/>\nA real holiday keepsake<br \/>\nMade from thick recycled cotton (220 g\/m\u00b2), this bag combines strength with a reduced environmental impact<br \/>\nHolds up to <strong data-start=\"1114\" data-end=\"1122\">9 kg<br \/>\n<\/strong>Reinforced long handles for comfortable shoulder carry<br \/>\nWide gusset for extra capacity<\/p>\n","protected":false},"excerpt":{"rendered":"<p data-start=\"301\" data-end=\"465\">Practical, durable, and responsible, this Camp du Domaine tote bag goes everywhere with you: from the morning market to the beach, and on your walks around the campsite.<\/p>\n<p data-start=\"467\" data-end=\"572\">Its custom design makes it much more than a bag: a useful keepsake you\u2019ll keep for a long time.<\/p>\n","protected":false},"featured_media":1810,"comment_status":"closed","ping_status":"closed","template":"","meta":[],"product_brand":[],"product_cat":[111],"product_tag":[],"class_list":{"0":"post-1809","1":"product","2":"type-product","3":"status-publish","4":"has-post-thumbnail","6":"product_cat-goodies","7":"pif-has-gallery","9":"first","10":"instock","11":"shipping-taxable","12":"purchasable","13":"product-type-simple"},"yoast_head":"<!-- This site is optimized with the Yoast SEO plugin v27.5 - https:\/\/yoast.com\/product\/yoast-seo-wordpress\/ -->\n<title>Cotton tote bag - Camp du Domaine 2026 - La Boutique du Camp du Domaine<\/title>\n<meta name=\"description\" content=\"Prolongez l&#039;exp\u00e9rience Camp du Domaine ! D\u00e9couvrez notre boutique en ligne : v\u00eatements exclusifs, produits de soin haut de gamme et r\u00e9servations de soins Spa pour un s\u00e9jour bien-\u00eatre inoubliable \u00e0 Bormes\" \/>\n<meta name=\"robots\" content=\"index, follow, max-snippet:-1, max-image-preview:large, max-video-preview:-1\" \/>\n<link rel=\"canonical\" href=\"https:\/\/campdudomaine.shop\/en\/produit\/cotton-tote-bag-camp-du-domaine-2026\/\" \/>\n<meta property=\"og:locale\" content=\"en_US\" \/>\n<meta property=\"og:type\" content=\"article\" \/>\n<meta property=\"og:title\" content=\"Cotton tote bag - Camp du Domaine 2026 - La Boutique du Camp du Domaine\" \/>\n<meta property=\"og:description\" content=\"Prolongez l&#039;exp\u00e9rience Camp du Domaine ! D\u00e9couvrez notre boutique en ligne : v\u00eatements exclusifs, produits de soin haut de gamme et r\u00e9servations de soins Spa pour un s\u00e9jour bien-\u00eatre inoubliable \u00e0 Bormes\" \/>\n<meta property=\"og:url\" content=\"https:\/\/campdudomaine.shop\/en\/produit\/cotton-tote-bag-camp-du-domaine-2026\/\" \/>\n<meta property=\"og:site_name\" content=\"La Boutique du Camp du Domaine\" \/>\n<meta property=\"article:modified_time\" content=\"2026-04-06T09:59:52+00:00\" \/>\n<meta property=\"og:image\" content=\"https:\/\/campdudomaine.shop\/wp-content\/uploads\/2026\/03\/sac-cabas-coton.jpg\" \/>\n\t<meta property=\"og:image:width\" content=\"1024\" \/>\n\t<meta property=\"og:image:height\" content=\"1536\" \/>\n\t<meta property=\"og:image:type\" content=\"image\/jpeg\" \/>\n<meta name=\"twitter:card\" content=\"summary_large_image\" \/>\n<meta name=\"twitter:label1\" content=\"Est. reading time\" \/>\n\t<meta name=\"twitter:data1\" content=\"1 minute\" \/>\n<script type=\"application\/ld+json\" class=\"yoast-schema-graph\">{\"@context\":\"https:\\\/\\\/schema.org\",\"@graph\":[{\"@type\":\"WebPage\",\"@id\":\"https:\\\/\\\/campdudomaine.shop\\\/en\\\/produit\\\/cotton-tote-bag-camp-du-domaine-2026\\\/\",\"url\":\"https:\\\/\\\/campdudomaine.shop\\\/en\\\/produit\\\/cotton-tote-bag-camp-du-domaine-2026\\\/\",\"name\":\"Cotton tote bag - Camp du Domaine 2026 - La Boutique du Camp du Domaine\",\"isPartOf\":{\"@id\":\"https:\\\/\\\/campdudomaine.shop\\\/en\\\/#website\"},\"primaryImageOfPage\":{\"@id\":\"https:\\\/\\\/campdudomaine.shop\\\/en\\\/produit\\\/cotton-tote-bag-camp-du-domaine-2026\\\/#primaryimage\"},\"image\":{\"@id\":\"https:\\\/\\\/campdudomaine.shop\\\/en\\\/produit\\\/cotton-tote-bag-camp-du-domaine-2026\\\/#primaryimage\"},\"thumbnailUrl\":\"https:\\\/\\\/campdudomaine.shop\\\/wp-content\\\/uploads\\\/2026\\\/03\\\/sac-cabas-coton.jpg\",\"datePublished\":\"2026-03-17T13:49:23+00:00\",\"dateModified\":\"2026-04-06T09:59:52+00:00\",\"description\":\"Prolongez l'exp\u00e9rience Camp du Domaine ! D\u00e9couvrez notre boutique en ligne : v\u00eatements exclusifs, produits de soin haut de gamme et r\u00e9servations de soins Spa pour un s\u00e9jour bien-\u00eatre inoubliable \u00e0 Bormes\",\"breadcrumb\":{\"@id\":\"https:\\\/\\\/campdudomaine.shop\\\/en\\\/produit\\\/cotton-tote-bag-camp-du-domaine-2026\\\/#breadcrumb\"},\"inLanguage\":\"en-US\",\"potentialAction\":[{\"@type\":\"ReadAction\",\"target\":[\"https:\\\/\\\/campdudomaine.shop\\\/en\\\/produit\\\/cotton-tote-bag-camp-du-domaine-2026\\\/\"]}]},{\"@type\":\"ImageObject\",\"inLanguage\":\"en-US\",\"@id\":\"https:\\\/\\\/campdudomaine.shop\\\/en\\\/produit\\\/cotton-tote-bag-camp-du-domaine-2026\\\/#primaryimage\",\"url\":\"https:\\\/\\\/campdudomaine.shop\\\/wp-content\\\/uploads\\\/2026\\\/03\\\/sac-cabas-coton.jpg\",\"contentUrl\":\"https:\\\/\\\/campdudomaine.shop\\\/wp-content\\\/uploads\\\/2026\\\/03\\\/sac-cabas-coton.jpg\",\"width\":1024,\"height\":1536},{\"@type\":\"BreadcrumbList\",\"@id\":\"https:\\\/\\\/campdudomaine.shop\\\/en\\\/produit\\\/cotton-tote-bag-camp-du-domaine-2026\\\/#breadcrumb\",\"itemListElement\":[{\"@type\":\"ListItem\",\"position\":1,\"name\":\"Accueil\",\"item\":\"https:\\\/\\\/campdudomaine.shop\\\/en\\\/home\\\/\"},{\"@type\":\"ListItem\",\"position\":2,\"name\":\"Shop\",\"item\":\"https:\\\/\\\/campdudomaine.shop\\\/en\\\/shop\\\/\"},{\"@type\":\"ListItem\",\"position\":3,\"name\":\"Cotton tote bag &#8211; Camp du Domaine 2026\"}]},{\"@type\":\"WebSite\",\"@id\":\"https:\\\/\\\/campdudomaine.shop\\\/en\\\/#website\",\"url\":\"https:\\\/\\\/campdudomaine.shop\\\/en\\\/\",\"name\":\"La Boutique du Camp du Domaine\",\"description\":\"\",\"publisher\":{\"@id\":\"https:\\\/\\\/campdudomaine.shop\\\/en\\\/#organization\"},\"potentialAction\":[{\"@type\":\"SearchAction\",\"target\":{\"@type\":\"EntryPoint\",\"urlTemplate\":\"https:\\\/\\\/campdudomaine.shop\\\/en\\\/?s={search_term_string}\"},\"query-input\":{\"@type\":\"PropertyValueSpecification\",\"valueRequired\":true,\"valueName\":\"search_term_string\"}}],\"inLanguage\":\"en-US\"},{\"@type\":\"Organization\",\"@id\":\"https:\\\/\\\/campdudomaine.shop\\\/en\\\/#organization\",\"name\":\"La Boutique du Camp du Domaine\",\"url\":\"https:\\\/\\\/campdudomaine.shop\\\/en\\\/\",\"logo\":{\"@type\":\"ImageObject\",\"inLanguage\":\"en-US\",\"@id\":\"https:\\\/\\\/campdudomaine.shop\\\/en\\\/#\\\/schema\\\/logo\\\/image\\\/\",\"url\":\"https:\\\/\\\/campdudomaine.shop\\\/wp-content\\\/uploads\\\/2026\\\/03\\\/Logo-sans-fond.png\",\"contentUrl\":\"https:\\\/\\\/campdudomaine.shop\\\/wp-content\\\/uploads\\\/2026\\\/03\\\/Logo-sans-fond.png\",\"width\":2449,\"height\":2560,\"caption\":\"La Boutique du Camp du Domaine\"},\"image\":{\"@id\":\"https:\\\/\\\/campdudomaine.shop\\\/en\\\/#\\\/schema\\\/logo\\\/image\\\/\"}}]}<\/script>\n<!-- \/ Yoast SEO plugin. -->","yoast_head_json":{"title":"Cotton tote bag - Camp du Domaine 2026 - La Boutique du Camp du Domaine","description":"Prolongez l'exp\u00e9rience Camp du Domaine ! D\u00e9couvrez notre boutique en ligne : v\u00eatements exclusifs, produits de soin haut de gamme et r\u00e9servations de soins Spa pour un s\u00e9jour bien-\u00eatre inoubliable \u00e0 Bormes","robots":{"index":"index","follow":"follow","max-snippet":"max-snippet:-1","max-image-preview":"max-image-preview:large","max-video-preview":"max-video-preview:-1"},"canonical":"https:\/\/campdudomaine.shop\/en\/produit\/cotton-tote-bag-camp-du-domaine-2026\/","og_locale":"en_US","og_type":"article","og_title":"Cotton tote bag - Camp du Domaine 2026 - La Boutique du Camp du Domaine","og_description":"Prolongez l'exp\u00e9rience Camp du Domaine ! D\u00e9couvrez notre boutique en ligne : v\u00eatements exclusifs, produits de soin haut de gamme et r\u00e9servations de soins Spa pour un s\u00e9jour bien-\u00eatre inoubliable \u00e0 Bormes","og_url":"https:\/\/campdudomaine.shop\/en\/produit\/cotton-tote-bag-camp-du-domaine-2026\/","og_site_name":"La Boutique du Camp du Domaine","article_modified_time":"2026-04-06T09:59:52+00:00","og_image":[{"width":1024,"height":1536,"url":"https:\/\/campdudomaine.shop\/wp-content\/uploads\/2026\/03\/sac-cabas-coton.jpg","type":"image\/jpeg"}],"twitter_card":"summary_large_image","twitter_misc":{"Est. reading time":"1 minute"},"schema":{"@context":"https:\/\/schema.org","@graph":[{"@type":"WebPage","@id":"https:\/\/campdudomaine.shop\/en\/produit\/cotton-tote-bag-camp-du-domaine-2026\/","url":"https:\/\/campdudomaine.shop\/en\/produit\/cotton-tote-bag-camp-du-domaine-2026\/","name":"Cotton tote bag - Camp du Domaine 2026 - La Boutique du Camp du Domaine","isPartOf":{"@id":"https:\/\/campdudomaine.shop\/en\/#website"},"primaryImageOfPage":{"@id":"https:\/\/campdudomaine.shop\/en\/produit\/cotton-tote-bag-camp-du-domaine-2026\/#primaryimage"},"image":{"@id":"https:\/\/campdudomaine.shop\/en\/produit\/cotton-tote-bag-camp-du-domaine-2026\/#primaryimage"},"thumbnailUrl":"https:\/\/campdudomaine.shop\/wp-content\/uploads\/2026\/03\/sac-cabas-coton.jpg","datePublished":"2026-03-17T13:49:23+00:00","dateModified":"2026-04-06T09:59:52+00:00","description":"Prolongez l'exp\u00e9rience Camp du Domaine ! D\u00e9couvrez notre boutique en ligne : v\u00eatements exclusifs, produits de soin haut de gamme et r\u00e9servations de soins Spa pour un s\u00e9jour bien-\u00eatre inoubliable \u00e0 Bormes","breadcrumb":{"@id":"https:\/\/campdudomaine.shop\/en\/produit\/cotton-tote-bag-camp-du-domaine-2026\/#breadcrumb"},"inLanguage":"en-US","potentialAction":[{"@type":"ReadAction","target":["https:\/\/campdudomaine.shop\/en\/produit\/cotton-tote-bag-camp-du-domaine-2026\/"]}]},{"@type":"ImageObject","inLanguage":"en-US","@id":"https:\/\/campdudomaine.shop\/en\/produit\/cotton-tote-bag-camp-du-domaine-2026\/#primaryimage","url":"https:\/\/campdudomaine.shop\/wp-content\/uploads\/2026\/03\/sac-cabas-coton.jpg","contentUrl":"https:\/\/campdudomaine.shop\/wp-content\/uploads\/2026\/03\/sac-cabas-coton.jpg","width":1024,"height":1536},{"@type":"BreadcrumbList","@id":"https:\/\/campdudomaine.shop\/en\/produit\/cotton-tote-bag-camp-du-domaine-2026\/#breadcrumb","itemListElement":[{"@type":"ListItem","position":1,"name":"Accueil","item":"https:\/\/campdudomaine.shop\/en\/home\/"},{"@type":"ListItem","position":2,"name":"Shop","item":"https:\/\/campdudomaine.shop\/en\/shop\/"},{"@type":"ListItem","position":3,"name":"Cotton tote bag &#8211; Camp du Domaine 2026"}]},{"@type":"WebSite","@id":"https:\/\/campdudomaine.shop\/en\/#website","url":"https:\/\/campdudomaine.shop\/en\/","name":"La Boutique du Camp du Domaine","description":"","publisher":{"@id":"https:\/\/campdudomaine.shop\/en\/#organization"},"potentialAction":[{"@type":"SearchAction","target":{"@type":"EntryPoint","urlTemplate":"https:\/\/campdudomaine.shop\/en\/?s={search_term_string}"},"query-input":{"@type":"PropertyValueSpecification","valueRequired":true,"valueName":"search_term_string"}}],"inLanguage":"en-US"},{"@type":"Organization","@id":"https:\/\/campdudomaine.shop\/en\/#organization","name":"La Boutique du Camp du Domaine","url":"https:\/\/campdudomaine.shop\/en\/","logo":{"@type":"ImageObject","inLanguage":"en-US","@id":"https:\/\/campdudomaine.shop\/en\/#\/schema\/logo\/image\/","url":"https:\/\/campdudomaine.shop\/wp-content\/uploads\/2026\/03\/Logo-sans-fond.png","contentUrl":"https:\/\/campdudomaine.shop\/wp-content\/uploads\/2026\/03\/Logo-sans-fond.png","width":2449,"height":2560,"caption":"La Boutique du Camp du Domaine"},"image":{"@id":"https:\/\/campdudomaine.shop\/en\/#\/schema\/logo\/image\/"}}]}},"_links":{"self":[{"href":"https:\/\/campdudomaine.shop\/en\/wp-json\/wp\/v2\/product\/1809","targetHints":{"allow":["GET"]}}],"collection":[{"href":"https:\/\/campdudomaine.shop\/en\/wp-json\/wp\/v2\/product"}],"about":[{"href":"https:\/\/campdudomaine.shop\/en\/wp-json\/wp\/v2\/types\/product"}],"replies":[{"embeddable":true,"href":"https:\/\/campdudomaine.shop\/en\/wp-json\/wp\/v2\/comments?post=1809"}],"wp:featuredmedia":[{"embeddable":true,"href":"https:\/\/campdudomaine.shop\/en\/wp-json\/wp\/v2\/media\/1810"}],"wp:attachment":[{"href":"https:\/\/campdudomaine.shop\/en\/wp-json\/wp\/v2\/media?parent=1809"}],"wp:term":[{"taxonomy":"product_brand","embeddable":true,"href":"https:\/\/campdudomaine.shop\/en\/wp-json\/wp\/v2\/product_brand?post=1809"},{"taxonomy":"product_cat","embeddable":true,"href":"https:\/\/campdudomaine.shop\/en\/wp-json\/wp\/v2\/product_cat?post=1809"},{"taxonomy":"product_tag","embeddable":true,"href":"https:\/\/campdudomaine.shop\/en\/wp-json\/wp\/v2\/product_tag?post=1809"}],"curies":[{"name":"wp","href":"https:\/\/api.w.org\/{rel}","templated":true}]}}