{"id":1797,"date":"2026-03-17T14:00:31","date_gmt":"2026-03-17T14:00:31","guid":{"rendered":"https:\/\/campdudomaine.shop\/produit\/swim-shorts-camp-du-domaine-2026\/"},"modified":"2026-04-06T10:00:45","modified_gmt":"2026-04-06T10:00:45","slug":"swim-shorts-camp-du-domaine-2026","status":"publish","type":"product","link":"https:\/\/campdudomaine.shop\/en\/produit\/swim-shorts-camp-du-domaine-2026\/","title":{"rendered":"Swim shorts &#8211; Camp du Domaine 2026"},"content":{"rendered":"<p data-start=\"275\" data-end=\"405\">Designed to keep up with your days between the beach, the pool, and relaxing at the campsite, these swim shorts combine lightness, comfort, and style.<\/p>\n<p data-start=\"407\" data-end=\"550\">Customized with your Camp du Domaine design, they become much more than swimwear: a summer staple you\u2019ll love wearing again and again.<\/p>\n<p data-start=\"582\" data-end=\"624\">Simple, effective look, easy to wear<br \/>\nQuick-drying (ideal on vacation)<br \/>\nLightweight and comfortable all day long<br \/>\nA truly useful keepsake (not a gimmick product)<br \/>\nLight fabric that doesn\u2019t stick to the skin<br \/>\nBuilt-in mesh liner for extra comfort<br \/>\nElastic waistband with drawstring for a perfect fit<\/p>\n<h3 data-section-id=\"1rdkgel\" data-start=\"1612\" data-end=\"1634\">Features<\/h3>\n<p data-start=\"1637\" data-end=\"1708\">100% lightweight polyamide (105 g\/m\u00b2)<br \/>\nInner mesh liner<br \/>\nQuick-drying<br \/>\nElastic waistband with drawstring<br \/>\nSizes: M to XXL<br \/>\n2 side pockets<br \/>\n1 back pocket with closure<\/p>\n","protected":false},"excerpt":{"rendered":"<p>Designed to keep up with your days between the beach, the pool, and relaxing at the campsite, these swim shorts combine lightness, comfort, and style. Customized with your Camp du Domaine design, they become much more than swimwear: a summer staple you\u2019ll love wearing again and again. Simple, effective look, easy to wear Quick-drying (ideal [&hellip;]<\/p>\n","protected":false},"featured_media":1798,"comment_status":"closed","ping_status":"closed","template":"","meta":[],"product_brand":[],"product_cat":[111],"product_tag":[],"class_list":{"0":"post-1797","1":"product","2":"type-product","3":"status-publish","4":"has-post-thumbnail","6":"product_cat-goodies","8":"first","9":"instock","10":"shipping-taxable","11":"purchasable","12":"product-type-variable"},"yoast_head":"<!-- This site is optimized with the Yoast SEO plugin v27.5 - https:\/\/yoast.com\/product\/yoast-seo-wordpress\/ -->\n<title>Swim shorts - Camp du Domaine 2026 - La Boutique du Camp du Domaine<\/title>\n<meta name=\"description\" content=\"Prolongez l&#039;exp\u00e9rience Camp du Domaine ! D\u00e9couvrez notre boutique en ligne : v\u00eatements exclusifs, produits de soin haut de gamme et r\u00e9servations de soins Spa pour un s\u00e9jour bien-\u00eatre inoubliable \u00e0 Bormes\" \/>\n<meta name=\"robots\" content=\"index, follow, max-snippet:-1, max-image-preview:large, max-video-preview:-1\" \/>\n<link rel=\"canonical\" href=\"https:\/\/campdudomaine.shop\/en\/produit\/swim-shorts-camp-du-domaine-2026\/\" \/>\n<meta property=\"og:locale\" content=\"en_US\" \/>\n<meta property=\"og:type\" content=\"article\" \/>\n<meta property=\"og:title\" content=\"Swim shorts - Camp du Domaine 2026 - La Boutique du Camp du Domaine\" \/>\n<meta property=\"og:description\" content=\"Prolongez l&#039;exp\u00e9rience Camp du Domaine ! D\u00e9couvrez notre boutique en ligne : v\u00eatements exclusifs, produits de soin haut de gamme et r\u00e9servations de soins Spa pour un s\u00e9jour bien-\u00eatre inoubliable \u00e0 Bormes\" \/>\n<meta property=\"og:url\" content=\"https:\/\/campdudomaine.shop\/en\/produit\/swim-shorts-camp-du-domaine-2026\/\" \/>\n<meta property=\"og:site_name\" content=\"La Boutique du Camp du Domaine\" \/>\n<meta property=\"article:modified_time\" content=\"2026-04-06T10:00:45+00:00\" \/>\n<meta property=\"og:image\" content=\"https:\/\/campdudomaine.shop\/wp-content\/uploads\/2026\/03\/short-bain-camp-du-domaine.jpg\" \/>\n\t<meta property=\"og:image:width\" content=\"1024\" \/>\n\t<meta property=\"og:image:height\" content=\"1536\" \/>\n\t<meta property=\"og:image:type\" content=\"image\/jpeg\" \/>\n<meta name=\"twitter:card\" content=\"summary_large_image\" \/>\n<meta name=\"twitter:label1\" content=\"Est. reading time\" \/>\n\t<meta name=\"twitter:data1\" content=\"1 minute\" \/>\n<script type=\"application\/ld+json\" class=\"yoast-schema-graph\">{\"@context\":\"https:\\\/\\\/schema.org\",\"@graph\":[{\"@type\":\"WebPage\",\"@id\":\"https:\\\/\\\/campdudomaine.shop\\\/en\\\/produit\\\/swim-shorts-camp-du-domaine-2026\\\/\",\"url\":\"https:\\\/\\\/campdudomaine.shop\\\/en\\\/produit\\\/swim-shorts-camp-du-domaine-2026\\\/\",\"name\":\"Swim shorts - Camp du Domaine 2026 - La Boutique du Camp du Domaine\",\"isPartOf\":{\"@id\":\"https:\\\/\\\/campdudomaine.shop\\\/en\\\/#website\"},\"primaryImageOfPage\":{\"@id\":\"https:\\\/\\\/campdudomaine.shop\\\/en\\\/produit\\\/swim-shorts-camp-du-domaine-2026\\\/#primaryimage\"},\"image\":{\"@id\":\"https:\\\/\\\/campdudomaine.shop\\\/en\\\/produit\\\/swim-shorts-camp-du-domaine-2026\\\/#primaryimage\"},\"thumbnailUrl\":\"https:\\\/\\\/campdudomaine.shop\\\/wp-content\\\/uploads\\\/2026\\\/03\\\/short-bain-camp-du-domaine.jpg\",\"datePublished\":\"2026-03-17T14:00:31+00:00\",\"dateModified\":\"2026-04-06T10:00:45+00:00\",\"description\":\"Prolongez l'exp\u00e9rience Camp du Domaine ! D\u00e9couvrez notre boutique en ligne : v\u00eatements exclusifs, produits de soin haut de gamme et r\u00e9servations de soins Spa pour un s\u00e9jour bien-\u00eatre inoubliable \u00e0 Bormes\",\"breadcrumb\":{\"@id\":\"https:\\\/\\\/campdudomaine.shop\\\/en\\\/produit\\\/swim-shorts-camp-du-domaine-2026\\\/#breadcrumb\"},\"inLanguage\":\"en-US\",\"potentialAction\":[{\"@type\":\"ReadAction\",\"target\":[\"https:\\\/\\\/campdudomaine.shop\\\/en\\\/produit\\\/swim-shorts-camp-du-domaine-2026\\\/\"]}]},{\"@type\":\"ImageObject\",\"inLanguage\":\"en-US\",\"@id\":\"https:\\\/\\\/campdudomaine.shop\\\/en\\\/produit\\\/swim-shorts-camp-du-domaine-2026\\\/#primaryimage\",\"url\":\"https:\\\/\\\/campdudomaine.shop\\\/wp-content\\\/uploads\\\/2026\\\/03\\\/short-bain-camp-du-domaine.jpg\",\"contentUrl\":\"https:\\\/\\\/campdudomaine.shop\\\/wp-content\\\/uploads\\\/2026\\\/03\\\/short-bain-camp-du-domaine.jpg\",\"width\":1024,\"height\":1536},{\"@type\":\"BreadcrumbList\",\"@id\":\"https:\\\/\\\/campdudomaine.shop\\\/en\\\/produit\\\/swim-shorts-camp-du-domaine-2026\\\/#breadcrumb\",\"itemListElement\":[{\"@type\":\"ListItem\",\"position\":1,\"name\":\"Accueil\",\"item\":\"https:\\\/\\\/campdudomaine.shop\\\/en\\\/home\\\/\"},{\"@type\":\"ListItem\",\"position\":2,\"name\":\"Shop\",\"item\":\"https:\\\/\\\/campdudomaine.shop\\\/en\\\/shop\\\/\"},{\"@type\":\"ListItem\",\"position\":3,\"name\":\"Swim shorts &#8211; Camp du Domaine 2026\"}]},{\"@type\":\"WebSite\",\"@id\":\"https:\\\/\\\/campdudomaine.shop\\\/en\\\/#website\",\"url\":\"https:\\\/\\\/campdudomaine.shop\\\/en\\\/\",\"name\":\"La Boutique du Camp du Domaine\",\"description\":\"\",\"publisher\":{\"@id\":\"https:\\\/\\\/campdudomaine.shop\\\/en\\\/#organization\"},\"potentialAction\":[{\"@type\":\"SearchAction\",\"target\":{\"@type\":\"EntryPoint\",\"urlTemplate\":\"https:\\\/\\\/campdudomaine.shop\\\/en\\\/?s={search_term_string}\"},\"query-input\":{\"@type\":\"PropertyValueSpecification\",\"valueRequired\":true,\"valueName\":\"search_term_string\"}}],\"inLanguage\":\"en-US\"},{\"@type\":\"Organization\",\"@id\":\"https:\\\/\\\/campdudomaine.shop\\\/en\\\/#organization\",\"name\":\"La Boutique du Camp du Domaine\",\"url\":\"https:\\\/\\\/campdudomaine.shop\\\/en\\\/\",\"logo\":{\"@type\":\"ImageObject\",\"inLanguage\":\"en-US\",\"@id\":\"https:\\\/\\\/campdudomaine.shop\\\/en\\\/#\\\/schema\\\/logo\\\/image\\\/\",\"url\":\"https:\\\/\\\/campdudomaine.shop\\\/wp-content\\\/uploads\\\/2026\\\/03\\\/Logo-sans-fond.png\",\"contentUrl\":\"https:\\\/\\\/campdudomaine.shop\\\/wp-content\\\/uploads\\\/2026\\\/03\\\/Logo-sans-fond.png\",\"width\":2449,\"height\":2560,\"caption\":\"La Boutique du Camp du Domaine\"},\"image\":{\"@id\":\"https:\\\/\\\/campdudomaine.shop\\\/en\\\/#\\\/schema\\\/logo\\\/image\\\/\"}}]}<\/script>\n<!-- \/ Yoast SEO plugin. -->","yoast_head_json":{"title":"Swim shorts - Camp du Domaine 2026 - La Boutique du Camp du Domaine","description":"Prolongez l'exp\u00e9rience Camp du Domaine ! D\u00e9couvrez notre boutique en ligne : v\u00eatements exclusifs, produits de soin haut de gamme et r\u00e9servations de soins Spa pour un s\u00e9jour bien-\u00eatre inoubliable \u00e0 Bormes","robots":{"index":"index","follow":"follow","max-snippet":"max-snippet:-1","max-image-preview":"max-image-preview:large","max-video-preview":"max-video-preview:-1"},"canonical":"https:\/\/campdudomaine.shop\/en\/produit\/swim-shorts-camp-du-domaine-2026\/","og_locale":"en_US","og_type":"article","og_title":"Swim shorts - Camp du Domaine 2026 - La Boutique du Camp du Domaine","og_description":"Prolongez l'exp\u00e9rience Camp du Domaine ! D\u00e9couvrez notre boutique en ligne : v\u00eatements exclusifs, produits de soin haut de gamme et r\u00e9servations de soins Spa pour un s\u00e9jour bien-\u00eatre inoubliable \u00e0 Bormes","og_url":"https:\/\/campdudomaine.shop\/en\/produit\/swim-shorts-camp-du-domaine-2026\/","og_site_name":"La Boutique du Camp du Domaine","article_modified_time":"2026-04-06T10:00:45+00:00","og_image":[{"width":1024,"height":1536,"url":"https:\/\/campdudomaine.shop\/wp-content\/uploads\/2026\/03\/short-bain-camp-du-domaine.jpg","type":"image\/jpeg"}],"twitter_card":"summary_large_image","twitter_misc":{"Est. reading time":"1 minute"},"schema":{"@context":"https:\/\/schema.org","@graph":[{"@type":"WebPage","@id":"https:\/\/campdudomaine.shop\/en\/produit\/swim-shorts-camp-du-domaine-2026\/","url":"https:\/\/campdudomaine.shop\/en\/produit\/swim-shorts-camp-du-domaine-2026\/","name":"Swim shorts - Camp du Domaine 2026 - La Boutique du Camp du Domaine","isPartOf":{"@id":"https:\/\/campdudomaine.shop\/en\/#website"},"primaryImageOfPage":{"@id":"https:\/\/campdudomaine.shop\/en\/produit\/swim-shorts-camp-du-domaine-2026\/#primaryimage"},"image":{"@id":"https:\/\/campdudomaine.shop\/en\/produit\/swim-shorts-camp-du-domaine-2026\/#primaryimage"},"thumbnailUrl":"https:\/\/campdudomaine.shop\/wp-content\/uploads\/2026\/03\/short-bain-camp-du-domaine.jpg","datePublished":"2026-03-17T14:00:31+00:00","dateModified":"2026-04-06T10:00:45+00:00","description":"Prolongez l'exp\u00e9rience Camp du Domaine ! D\u00e9couvrez notre boutique en ligne : v\u00eatements exclusifs, produits de soin haut de gamme et r\u00e9servations de soins Spa pour un s\u00e9jour bien-\u00eatre inoubliable \u00e0 Bormes","breadcrumb":{"@id":"https:\/\/campdudomaine.shop\/en\/produit\/swim-shorts-camp-du-domaine-2026\/#breadcrumb"},"inLanguage":"en-US","potentialAction":[{"@type":"ReadAction","target":["https:\/\/campdudomaine.shop\/en\/produit\/swim-shorts-camp-du-domaine-2026\/"]}]},{"@type":"ImageObject","inLanguage":"en-US","@id":"https:\/\/campdudomaine.shop\/en\/produit\/swim-shorts-camp-du-domaine-2026\/#primaryimage","url":"https:\/\/campdudomaine.shop\/wp-content\/uploads\/2026\/03\/short-bain-camp-du-domaine.jpg","contentUrl":"https:\/\/campdudomaine.shop\/wp-content\/uploads\/2026\/03\/short-bain-camp-du-domaine.jpg","width":1024,"height":1536},{"@type":"BreadcrumbList","@id":"https:\/\/campdudomaine.shop\/en\/produit\/swim-shorts-camp-du-domaine-2026\/#breadcrumb","itemListElement":[{"@type":"ListItem","position":1,"name":"Accueil","item":"https:\/\/campdudomaine.shop\/en\/home\/"},{"@type":"ListItem","position":2,"name":"Shop","item":"https:\/\/campdudomaine.shop\/en\/shop\/"},{"@type":"ListItem","position":3,"name":"Swim shorts &#8211; Camp du Domaine 2026"}]},{"@type":"WebSite","@id":"https:\/\/campdudomaine.shop\/en\/#website","url":"https:\/\/campdudomaine.shop\/en\/","name":"La Boutique du Camp du Domaine","description":"","publisher":{"@id":"https:\/\/campdudomaine.shop\/en\/#organization"},"potentialAction":[{"@type":"SearchAction","target":{"@type":"EntryPoint","urlTemplate":"https:\/\/campdudomaine.shop\/en\/?s={search_term_string}"},"query-input":{"@type":"PropertyValueSpecification","valueRequired":true,"valueName":"search_term_string"}}],"inLanguage":"en-US"},{"@type":"Organization","@id":"https:\/\/campdudomaine.shop\/en\/#organization","name":"La Boutique du Camp du Domaine","url":"https:\/\/campdudomaine.shop\/en\/","logo":{"@type":"ImageObject","inLanguage":"en-US","@id":"https:\/\/campdudomaine.shop\/en\/#\/schema\/logo\/image\/","url":"https:\/\/campdudomaine.shop\/wp-content\/uploads\/2026\/03\/Logo-sans-fond.png","contentUrl":"https:\/\/campdudomaine.shop\/wp-content\/uploads\/2026\/03\/Logo-sans-fond.png","width":2449,"height":2560,"caption":"La Boutique du Camp du Domaine"},"image":{"@id":"https:\/\/campdudomaine.shop\/en\/#\/schema\/logo\/image\/"}}]}},"_links":{"self":[{"href":"https:\/\/campdudomaine.shop\/en\/wp-json\/wp\/v2\/product\/1797","targetHints":{"allow":["GET"]}}],"collection":[{"href":"https:\/\/campdudomaine.shop\/en\/wp-json\/wp\/v2\/product"}],"about":[{"href":"https:\/\/campdudomaine.shop\/en\/wp-json\/wp\/v2\/types\/product"}],"replies":[{"embeddable":true,"href":"https:\/\/campdudomaine.shop\/en\/wp-json\/wp\/v2\/comments?post=1797"}],"wp:featuredmedia":[{"embeddable":true,"href":"https:\/\/campdudomaine.shop\/en\/wp-json\/wp\/v2\/media\/1798"}],"wp:attachment":[{"href":"https:\/\/campdudomaine.shop\/en\/wp-json\/wp\/v2\/media?parent=1797"}],"wp:term":[{"taxonomy":"product_brand","embeddable":true,"href":"https:\/\/campdudomaine.shop\/en\/wp-json\/wp\/v2\/product_brand?post=1797"},{"taxonomy":"product_cat","embeddable":true,"href":"https:\/\/campdudomaine.shop\/en\/wp-json\/wp\/v2\/product_cat?post=1797"},{"taxonomy":"product_tag","embeddable":true,"href":"https:\/\/campdudomaine.shop\/en\/wp-json\/wp\/v2\/product_tag?post=1797"}],"curies":[{"name":"wp","href":"https:\/\/api.w.org\/{rel}","templated":true}]}}