{"id":1785,"date":"2026-03-18T10:01:45","date_gmt":"2026-03-18T10:01:45","guid":{"rendered":"https:\/\/campdudomaine.shop\/produit\/windbreaker-camp-du-domaine-2026\/"},"modified":"2026-04-06T10:57:54","modified_gmt":"2026-04-06T10:57:54","slug":"windbreaker-camp-du-domaine-2026","status":"publish","type":"product","link":"https:\/\/campdudomaine.shop\/en\/produit\/windbreaker-camp-du-domaine-2026\/","title":{"rendered":"Windbreaker &#8211; Camp du Domaine 2026"},"content":{"rendered":"<p data-start=\"300\" data-end=\"482\">Designed to accompany you from sunrise to sunset, this Camp du Domaine windbreaker is the perfect companion for your days by the sea and your cooler evenings.<\/p>\n<p data-start=\"484\" data-end=\"683\">Lightweight, comfortable, and easy to slip on, this unisex windbreaker protects you from the wind while proudly displaying the camp&#8217;s colors. A must-have to pack in your suitcase&#8230; and keep long after your vacation. <\/p>\n<p data-start=\"484\" data-end=\"683\">Lightweight and comfortable to wear<br \/>\nProtects from wind and light chills<br \/>\nEasy to take anywhere (beach, walks, evenings)<br \/>\nModern and comfortable fit<br \/>\nZipper closure<br \/>\nAdjustable hood<br \/>\nPractical pockets<br \/>\nLightweight and durable material<\/p>\n<p data-start=\"983\" data-end=\"1169\">Whether for a late-day stroll, an aperitif by the sea, or an outdoor adventure, this windbreaker extends the Camp du Domaine experience, even after you&#8217;ve returned home.<\/p>\n<p data-start=\"1344\" data-end=\"1385\">Machine wash (gentle cycle recommended)<\/p>\n","protected":false},"excerpt":{"rendered":"<p data-start=\"300\" data-end=\"482\">Designed to accompany you from sunrise to sunset, this Camp du Domaine windbreaker is the perfect companion for your days by the sea and your cooler evenings.<\/p>\n<p data-start=\"484\" data-end=\"683\">Lightweight, comfortable, and easy to slip on, this unisex windbreaker protects you from the wind while proudly displaying the camp&#8217;s colors. A must-have to pack in your suitcase&#8230; and keep long after your vacation. <\/p>\n","protected":false},"featured_media":1787,"comment_status":"closed","ping_status":"closed","template":"","meta":[],"product_brand":[],"product_cat":[111],"product_tag":[],"class_list":{"0":"post-1785","1":"product","2":"type-product","3":"status-publish","4":"has-post-thumbnail","6":"product_cat-goodies","7":"pif-has-gallery","9":"first","10":"instock","11":"shipping-taxable","12":"purchasable","13":"product-type-variable"},"yoast_head":"<!-- This site is optimized with the Yoast SEO plugin v27.5 - https:\/\/yoast.com\/product\/yoast-seo-wordpress\/ -->\n<title>Windbreaker - Camp du Domaine 2026 - La Boutique du Camp du Domaine<\/title>\n<meta name=\"description\" content=\"Prolongez l&#039;exp\u00e9rience Camp du Domaine ! D\u00e9couvrez notre boutique en ligne : v\u00eatements exclusifs, produits de soin haut de gamme et r\u00e9servations de soins Spa pour un s\u00e9jour bien-\u00eatre inoubliable \u00e0 Bormes\" \/>\n<meta name=\"robots\" content=\"index, follow, max-snippet:-1, max-image-preview:large, max-video-preview:-1\" \/>\n<link rel=\"canonical\" href=\"https:\/\/campdudomaine.shop\/en\/produit\/windbreaker-camp-du-domaine-2026\/\" \/>\n<meta property=\"og:locale\" content=\"en_US\" \/>\n<meta property=\"og:type\" content=\"article\" \/>\n<meta property=\"og:title\" content=\"Windbreaker - Camp du Domaine 2026 - La Boutique du Camp du Domaine\" \/>\n<meta property=\"og:description\" content=\"Prolongez l&#039;exp\u00e9rience Camp du Domaine ! D\u00e9couvrez notre boutique en ligne : v\u00eatements exclusifs, produits de soin haut de gamme et r\u00e9servations de soins Spa pour un s\u00e9jour bien-\u00eatre inoubliable \u00e0 Bormes\" \/>\n<meta property=\"og:url\" content=\"https:\/\/campdudomaine.shop\/en\/produit\/windbreaker-camp-du-domaine-2026\/\" \/>\n<meta property=\"og:site_name\" content=\"La Boutique du Camp du Domaine\" \/>\n<meta property=\"article:modified_time\" content=\"2026-04-06T10:57:54+00:00\" \/>\n<meta property=\"og:image\" content=\"https:\/\/campdudomaine.shop\/wp-content\/uploads\/2026\/03\/veste-de-pluie-camp-du-domaine.jpg\" \/>\n\t<meta property=\"og:image:width\" content=\"1027\" \/>\n\t<meta property=\"og:image:height\" content=\"1536\" \/>\n\t<meta property=\"og:image:type\" content=\"image\/jpeg\" \/>\n<meta name=\"twitter:card\" content=\"summary_large_image\" \/>\n<meta name=\"twitter:label1\" content=\"Est. reading time\" \/>\n\t<meta name=\"twitter:data1\" content=\"1 minute\" \/>\n<script type=\"application\/ld+json\" class=\"yoast-schema-graph\">{\"@context\":\"https:\\\/\\\/schema.org\",\"@graph\":[{\"@type\":\"WebPage\",\"@id\":\"https:\\\/\\\/campdudomaine.shop\\\/en\\\/produit\\\/windbreaker-camp-du-domaine-2026\\\/\",\"url\":\"https:\\\/\\\/campdudomaine.shop\\\/en\\\/produit\\\/windbreaker-camp-du-domaine-2026\\\/\",\"name\":\"Windbreaker - Camp du Domaine 2026 - La Boutique du Camp du Domaine\",\"isPartOf\":{\"@id\":\"https:\\\/\\\/campdudomaine.shop\\\/en\\\/#website\"},\"primaryImageOfPage\":{\"@id\":\"https:\\\/\\\/campdudomaine.shop\\\/en\\\/produit\\\/windbreaker-camp-du-domaine-2026\\\/#primaryimage\"},\"image\":{\"@id\":\"https:\\\/\\\/campdudomaine.shop\\\/en\\\/produit\\\/windbreaker-camp-du-domaine-2026\\\/#primaryimage\"},\"thumbnailUrl\":\"https:\\\/\\\/campdudomaine.shop\\\/wp-content\\\/uploads\\\/2026\\\/03\\\/veste-de-pluie-camp-du-domaine.jpg\",\"datePublished\":\"2026-03-18T10:01:45+00:00\",\"dateModified\":\"2026-04-06T10:57:54+00:00\",\"description\":\"Prolongez l'exp\u00e9rience Camp du Domaine ! D\u00e9couvrez notre boutique en ligne : v\u00eatements exclusifs, produits de soin haut de gamme et r\u00e9servations de soins Spa pour un s\u00e9jour bien-\u00eatre inoubliable \u00e0 Bormes\",\"breadcrumb\":{\"@id\":\"https:\\\/\\\/campdudomaine.shop\\\/en\\\/produit\\\/windbreaker-camp-du-domaine-2026\\\/#breadcrumb\"},\"inLanguage\":\"en-US\",\"potentialAction\":[{\"@type\":\"ReadAction\",\"target\":[\"https:\\\/\\\/campdudomaine.shop\\\/en\\\/produit\\\/windbreaker-camp-du-domaine-2026\\\/\"]}]},{\"@type\":\"ImageObject\",\"inLanguage\":\"en-US\",\"@id\":\"https:\\\/\\\/campdudomaine.shop\\\/en\\\/produit\\\/windbreaker-camp-du-domaine-2026\\\/#primaryimage\",\"url\":\"https:\\\/\\\/campdudomaine.shop\\\/wp-content\\\/uploads\\\/2026\\\/03\\\/veste-de-pluie-camp-du-domaine.jpg\",\"contentUrl\":\"https:\\\/\\\/campdudomaine.shop\\\/wp-content\\\/uploads\\\/2026\\\/03\\\/veste-de-pluie-camp-du-domaine.jpg\",\"width\":1027,\"height\":1536},{\"@type\":\"BreadcrumbList\",\"@id\":\"https:\\\/\\\/campdudomaine.shop\\\/en\\\/produit\\\/windbreaker-camp-du-domaine-2026\\\/#breadcrumb\",\"itemListElement\":[{\"@type\":\"ListItem\",\"position\":1,\"name\":\"Accueil\",\"item\":\"https:\\\/\\\/campdudomaine.shop\\\/en\\\/home\\\/\"},{\"@type\":\"ListItem\",\"position\":2,\"name\":\"Shop\",\"item\":\"https:\\\/\\\/campdudomaine.shop\\\/en\\\/shop\\\/\"},{\"@type\":\"ListItem\",\"position\":3,\"name\":\"Windbreaker &#8211; Camp du Domaine 2026\"}]},{\"@type\":\"WebSite\",\"@id\":\"https:\\\/\\\/campdudomaine.shop\\\/en\\\/#website\",\"url\":\"https:\\\/\\\/campdudomaine.shop\\\/en\\\/\",\"name\":\"La Boutique du Camp du Domaine\",\"description\":\"\",\"publisher\":{\"@id\":\"https:\\\/\\\/campdudomaine.shop\\\/en\\\/#organization\"},\"potentialAction\":[{\"@type\":\"SearchAction\",\"target\":{\"@type\":\"EntryPoint\",\"urlTemplate\":\"https:\\\/\\\/campdudomaine.shop\\\/en\\\/?s={search_term_string}\"},\"query-input\":{\"@type\":\"PropertyValueSpecification\",\"valueRequired\":true,\"valueName\":\"search_term_string\"}}],\"inLanguage\":\"en-US\"},{\"@type\":\"Organization\",\"@id\":\"https:\\\/\\\/campdudomaine.shop\\\/en\\\/#organization\",\"name\":\"La Boutique du Camp du Domaine\",\"url\":\"https:\\\/\\\/campdudomaine.shop\\\/en\\\/\",\"logo\":{\"@type\":\"ImageObject\",\"inLanguage\":\"en-US\",\"@id\":\"https:\\\/\\\/campdudomaine.shop\\\/en\\\/#\\\/schema\\\/logo\\\/image\\\/\",\"url\":\"https:\\\/\\\/campdudomaine.shop\\\/wp-content\\\/uploads\\\/2026\\\/03\\\/Logo-sans-fond.png\",\"contentUrl\":\"https:\\\/\\\/campdudomaine.shop\\\/wp-content\\\/uploads\\\/2026\\\/03\\\/Logo-sans-fond.png\",\"width\":2449,\"height\":2560,\"caption\":\"La Boutique du Camp du Domaine\"},\"image\":{\"@id\":\"https:\\\/\\\/campdudomaine.shop\\\/en\\\/#\\\/schema\\\/logo\\\/image\\\/\"}}]}<\/script>\n<!-- \/ Yoast SEO plugin. -->","yoast_head_json":{"title":"Windbreaker - Camp du Domaine 2026 - La Boutique du Camp du Domaine","description":"Prolongez l'exp\u00e9rience Camp du Domaine ! D\u00e9couvrez notre boutique en ligne : v\u00eatements exclusifs, produits de soin haut de gamme et r\u00e9servations de soins Spa pour un s\u00e9jour bien-\u00eatre inoubliable \u00e0 Bormes","robots":{"index":"index","follow":"follow","max-snippet":"max-snippet:-1","max-image-preview":"max-image-preview:large","max-video-preview":"max-video-preview:-1"},"canonical":"https:\/\/campdudomaine.shop\/en\/produit\/windbreaker-camp-du-domaine-2026\/","og_locale":"en_US","og_type":"article","og_title":"Windbreaker - Camp du Domaine 2026 - La Boutique du Camp du Domaine","og_description":"Prolongez l'exp\u00e9rience Camp du Domaine ! D\u00e9couvrez notre boutique en ligne : v\u00eatements exclusifs, produits de soin haut de gamme et r\u00e9servations de soins Spa pour un s\u00e9jour bien-\u00eatre inoubliable \u00e0 Bormes","og_url":"https:\/\/campdudomaine.shop\/en\/produit\/windbreaker-camp-du-domaine-2026\/","og_site_name":"La Boutique du Camp du Domaine","article_modified_time":"2026-04-06T10:57:54+00:00","og_image":[{"width":1027,"height":1536,"url":"https:\/\/campdudomaine.shop\/wp-content\/uploads\/2026\/03\/veste-de-pluie-camp-du-domaine.jpg","type":"image\/jpeg"}],"twitter_card":"summary_large_image","twitter_misc":{"Est. reading time":"1 minute"},"schema":{"@context":"https:\/\/schema.org","@graph":[{"@type":"WebPage","@id":"https:\/\/campdudomaine.shop\/en\/produit\/windbreaker-camp-du-domaine-2026\/","url":"https:\/\/campdudomaine.shop\/en\/produit\/windbreaker-camp-du-domaine-2026\/","name":"Windbreaker - Camp du Domaine 2026 - La Boutique du Camp du Domaine","isPartOf":{"@id":"https:\/\/campdudomaine.shop\/en\/#website"},"primaryImageOfPage":{"@id":"https:\/\/campdudomaine.shop\/en\/produit\/windbreaker-camp-du-domaine-2026\/#primaryimage"},"image":{"@id":"https:\/\/campdudomaine.shop\/en\/produit\/windbreaker-camp-du-domaine-2026\/#primaryimage"},"thumbnailUrl":"https:\/\/campdudomaine.shop\/wp-content\/uploads\/2026\/03\/veste-de-pluie-camp-du-domaine.jpg","datePublished":"2026-03-18T10:01:45+00:00","dateModified":"2026-04-06T10:57:54+00:00","description":"Prolongez l'exp\u00e9rience Camp du Domaine ! D\u00e9couvrez notre boutique en ligne : v\u00eatements exclusifs, produits de soin haut de gamme et r\u00e9servations de soins Spa pour un s\u00e9jour bien-\u00eatre inoubliable \u00e0 Bormes","breadcrumb":{"@id":"https:\/\/campdudomaine.shop\/en\/produit\/windbreaker-camp-du-domaine-2026\/#breadcrumb"},"inLanguage":"en-US","potentialAction":[{"@type":"ReadAction","target":["https:\/\/campdudomaine.shop\/en\/produit\/windbreaker-camp-du-domaine-2026\/"]}]},{"@type":"ImageObject","inLanguage":"en-US","@id":"https:\/\/campdudomaine.shop\/en\/produit\/windbreaker-camp-du-domaine-2026\/#primaryimage","url":"https:\/\/campdudomaine.shop\/wp-content\/uploads\/2026\/03\/veste-de-pluie-camp-du-domaine.jpg","contentUrl":"https:\/\/campdudomaine.shop\/wp-content\/uploads\/2026\/03\/veste-de-pluie-camp-du-domaine.jpg","width":1027,"height":1536},{"@type":"BreadcrumbList","@id":"https:\/\/campdudomaine.shop\/en\/produit\/windbreaker-camp-du-domaine-2026\/#breadcrumb","itemListElement":[{"@type":"ListItem","position":1,"name":"Accueil","item":"https:\/\/campdudomaine.shop\/en\/home\/"},{"@type":"ListItem","position":2,"name":"Shop","item":"https:\/\/campdudomaine.shop\/en\/shop\/"},{"@type":"ListItem","position":3,"name":"Windbreaker &#8211; Camp du Domaine 2026"}]},{"@type":"WebSite","@id":"https:\/\/campdudomaine.shop\/en\/#website","url":"https:\/\/campdudomaine.shop\/en\/","name":"La Boutique du Camp du Domaine","description":"","publisher":{"@id":"https:\/\/campdudomaine.shop\/en\/#organization"},"potentialAction":[{"@type":"SearchAction","target":{"@type":"EntryPoint","urlTemplate":"https:\/\/campdudomaine.shop\/en\/?s={search_term_string}"},"query-input":{"@type":"PropertyValueSpecification","valueRequired":true,"valueName":"search_term_string"}}],"inLanguage":"en-US"},{"@type":"Organization","@id":"https:\/\/campdudomaine.shop\/en\/#organization","name":"La Boutique du Camp du Domaine","url":"https:\/\/campdudomaine.shop\/en\/","logo":{"@type":"ImageObject","inLanguage":"en-US","@id":"https:\/\/campdudomaine.shop\/en\/#\/schema\/logo\/image\/","url":"https:\/\/campdudomaine.shop\/wp-content\/uploads\/2026\/03\/Logo-sans-fond.png","contentUrl":"https:\/\/campdudomaine.shop\/wp-content\/uploads\/2026\/03\/Logo-sans-fond.png","width":2449,"height":2560,"caption":"La Boutique du Camp du Domaine"},"image":{"@id":"https:\/\/campdudomaine.shop\/en\/#\/schema\/logo\/image\/"}}]}},"_links":{"self":[{"href":"https:\/\/campdudomaine.shop\/en\/wp-json\/wp\/v2\/product\/1785","targetHints":{"allow":["GET"]}}],"collection":[{"href":"https:\/\/campdudomaine.shop\/en\/wp-json\/wp\/v2\/product"}],"about":[{"href":"https:\/\/campdudomaine.shop\/en\/wp-json\/wp\/v2\/types\/product"}],"replies":[{"embeddable":true,"href":"https:\/\/campdudomaine.shop\/en\/wp-json\/wp\/v2\/comments?post=1785"}],"wp:featuredmedia":[{"embeddable":true,"href":"https:\/\/campdudomaine.shop\/en\/wp-json\/wp\/v2\/media\/1787"}],"wp:attachment":[{"href":"https:\/\/campdudomaine.shop\/en\/wp-json\/wp\/v2\/media?parent=1785"}],"wp:term":[{"taxonomy":"product_brand","embeddable":true,"href":"https:\/\/campdudomaine.shop\/en\/wp-json\/wp\/v2\/product_brand?post=1785"},{"taxonomy":"product_cat","embeddable":true,"href":"https:\/\/campdudomaine.shop\/en\/wp-json\/wp\/v2\/product_cat?post=1785"},{"taxonomy":"product_tag","embeddable":true,"href":"https:\/\/campdudomaine.shop\/en\/wp-json\/wp\/v2\/product_tag?post=1785"}],"curies":[{"name":"wp","href":"https:\/\/api.w.org\/{rel}","templated":true}]}}