{"id":1358,"date":"2026-03-18T07:54:39","date_gmt":"2026-03-18T07:54:39","guid":{"rendered":"https:\/\/campdudomaine.shop\/?post_type=product&#038;p=1358"},"modified":"2026-03-31T08:43:35","modified_gmt":"2026-03-31T08:43:35","slug":"retro-beige-cap-copie-3","status":"publish","type":"product","link":"https:\/\/campdudomaine.shop\/en\/produit\/retro-beige-cap-copie-3\/","title":{"rendered":"Camp du Domaine Khaki Cap &#8211; 2026"},"content":{"rendered":"<p>Show off your style while enjoying the sun with the Camp du Domaine khaki cap! Its shape and khaki color make it a modern and easy-to-wear accessory. Thanks to its hook-and-loop system, you can change patches anytime you like. Lightweight, breathable, and adjustable, this cap is the perfect companion for camping days, blending style and comfort.   <\/p>\n","protected":false},"excerpt":{"rendered":"<p>Show off your style while enjoying the sun with the Camp du Domaine khaki cap!<\/p>\n","protected":false},"featured_media":1363,"comment_status":"open","ping_status":"closed","template":"","meta":[],"product_brand":[],"product_cat":[63],"product_tag":[],"class_list":{"0":"post-1358","1":"product","2":"type-product","3":"status-publish","4":"has-post-thumbnail","6":"product_cat-cap","8":"first","9":"instock","10":"shipping-taxable","11":"purchasable","12":"product-type-simple"},"yoast_head":"<!-- This site is optimized with the Yoast SEO plugin v27.4 - https:\/\/yoast.com\/product\/yoast-seo-wordpress\/ -->\n<title>Camp du Domaine Khaki Cap - 2026 - La Boutique du Camp du Domaine<\/title>\n<meta name=\"description\" content=\"Prolongez l&#039;exp\u00e9rience Camp du Domaine ! D\u00e9couvrez notre boutique en ligne : v\u00eatements exclusifs, produits de soin haut de gamme et r\u00e9servations de soins Spa pour un s\u00e9jour bien-\u00eatre inoubliable \u00e0 Bormes\" \/>\n<meta name=\"robots\" content=\"index, follow, max-snippet:-1, max-image-preview:large, max-video-preview:-1\" \/>\n<link rel=\"canonical\" href=\"https:\/\/campdudomaine.shop\/en\/produit\/retro-beige-cap-copie-3\/\" \/>\n<meta property=\"og:locale\" content=\"en_US\" \/>\n<meta property=\"og:type\" content=\"article\" \/>\n<meta property=\"og:title\" content=\"Camp du Domaine Khaki Cap - 2026 - La Boutique du Camp du Domaine\" \/>\n<meta property=\"og:description\" content=\"Prolongez l&#039;exp\u00e9rience Camp du Domaine ! D\u00e9couvrez notre boutique en ligne : v\u00eatements exclusifs, produits de soin haut de gamme et r\u00e9servations de soins Spa pour un s\u00e9jour bien-\u00eatre inoubliable \u00e0 Bormes\" \/>\n<meta property=\"og:url\" content=\"https:\/\/campdudomaine.shop\/en\/produit\/retro-beige-cap-copie-3\/\" \/>\n<meta property=\"og:site_name\" content=\"La Boutique du Camp du Domaine\" \/>\n<meta property=\"article:modified_time\" content=\"2026-03-31T08:43:35+00:00\" \/>\n<meta property=\"og:image\" content=\"https:\/\/campdudomaine.shop\/wp-content\/uploads\/2026\/03\/casquette-camp-du-domaine-3.jpg\" \/>\n\t<meta property=\"og:image:width\" content=\"1024\" \/>\n\t<meta property=\"og:image:height\" content=\"1536\" \/>\n\t<meta property=\"og:image:type\" content=\"image\/jpeg\" \/>\n<meta name=\"twitter:card\" content=\"summary_large_image\" \/>\n<script type=\"application\/ld+json\" class=\"yoast-schema-graph\">{\"@context\":\"https:\\\/\\\/schema.org\",\"@graph\":[{\"@type\":\"WebPage\",\"@id\":\"https:\\\/\\\/campdudomaine.shop\\\/en\\\/produit\\\/retro-beige-cap-copie-3\\\/\",\"url\":\"https:\\\/\\\/campdudomaine.shop\\\/en\\\/produit\\\/retro-beige-cap-copie-3\\\/\",\"name\":\"Camp du Domaine Khaki Cap - 2026 - La Boutique du Camp du Domaine\",\"isPartOf\":{\"@id\":\"https:\\\/\\\/campdudomaine.shop\\\/en\\\/#website\"},\"primaryImageOfPage\":{\"@id\":\"https:\\\/\\\/campdudomaine.shop\\\/en\\\/produit\\\/retro-beige-cap-copie-3\\\/#primaryimage\"},\"image\":{\"@id\":\"https:\\\/\\\/campdudomaine.shop\\\/en\\\/produit\\\/retro-beige-cap-copie-3\\\/#primaryimage\"},\"thumbnailUrl\":\"https:\\\/\\\/campdudomaine.shop\\\/wp-content\\\/uploads\\\/2026\\\/03\\\/casquette-camp-du-domaine-3.jpg\",\"datePublished\":\"2026-03-18T07:54:39+00:00\",\"dateModified\":\"2026-03-31T08:43:35+00:00\",\"description\":\"Prolongez l'exp\u00e9rience Camp du Domaine ! D\u00e9couvrez notre boutique en ligne : v\u00eatements exclusifs, produits de soin haut de gamme et r\u00e9servations de soins Spa pour un s\u00e9jour bien-\u00eatre inoubliable \u00e0 Bormes\",\"breadcrumb\":{\"@id\":\"https:\\\/\\\/campdudomaine.shop\\\/en\\\/produit\\\/retro-beige-cap-copie-3\\\/#breadcrumb\"},\"inLanguage\":\"en-US\",\"potentialAction\":[{\"@type\":\"ReadAction\",\"target\":[\"https:\\\/\\\/campdudomaine.shop\\\/en\\\/produit\\\/retro-beige-cap-copie-3\\\/\"]}]},{\"@type\":\"ImageObject\",\"inLanguage\":\"en-US\",\"@id\":\"https:\\\/\\\/campdudomaine.shop\\\/en\\\/produit\\\/retro-beige-cap-copie-3\\\/#primaryimage\",\"url\":\"https:\\\/\\\/campdudomaine.shop\\\/wp-content\\\/uploads\\\/2026\\\/03\\\/casquette-camp-du-domaine-3.jpg\",\"contentUrl\":\"https:\\\/\\\/campdudomaine.shop\\\/wp-content\\\/uploads\\\/2026\\\/03\\\/casquette-camp-du-domaine-3.jpg\",\"width\":1024,\"height\":1536},{\"@type\":\"BreadcrumbList\",\"@id\":\"https:\\\/\\\/campdudomaine.shop\\\/en\\\/produit\\\/retro-beige-cap-copie-3\\\/#breadcrumb\",\"itemListElement\":[{\"@type\":\"ListItem\",\"position\":1,\"name\":\"Accueil\",\"item\":\"https:\\\/\\\/campdudomaine.shop\\\/en\\\/home\\\/\"},{\"@type\":\"ListItem\",\"position\":2,\"name\":\"Shop\",\"item\":\"https:\\\/\\\/campdudomaine.shop\\\/en\\\/shop\\\/\"},{\"@type\":\"ListItem\",\"position\":3,\"name\":\"Camp du Domaine Khaki Cap &#8211; 2026\"}]},{\"@type\":\"WebSite\",\"@id\":\"https:\\\/\\\/campdudomaine.shop\\\/en\\\/#website\",\"url\":\"https:\\\/\\\/campdudomaine.shop\\\/en\\\/\",\"name\":\"La Boutique du Camp du Domaine\",\"description\":\"\",\"publisher\":{\"@id\":\"https:\\\/\\\/campdudomaine.shop\\\/en\\\/#organization\"},\"potentialAction\":[{\"@type\":\"SearchAction\",\"target\":{\"@type\":\"EntryPoint\",\"urlTemplate\":\"https:\\\/\\\/campdudomaine.shop\\\/en\\\/?s={search_term_string}\"},\"query-input\":{\"@type\":\"PropertyValueSpecification\",\"valueRequired\":true,\"valueName\":\"search_term_string\"}}],\"inLanguage\":\"en-US\"},{\"@type\":\"Organization\",\"@id\":\"https:\\\/\\\/campdudomaine.shop\\\/en\\\/#organization\",\"name\":\"La Boutique du Camp du Domaine\",\"url\":\"https:\\\/\\\/campdudomaine.shop\\\/en\\\/\",\"logo\":{\"@type\":\"ImageObject\",\"inLanguage\":\"en-US\",\"@id\":\"https:\\\/\\\/campdudomaine.shop\\\/en\\\/#\\\/schema\\\/logo\\\/image\\\/\",\"url\":\"https:\\\/\\\/campdudomaine.shop\\\/wp-content\\\/uploads\\\/2026\\\/03\\\/Logo-sans-fond.png\",\"contentUrl\":\"https:\\\/\\\/campdudomaine.shop\\\/wp-content\\\/uploads\\\/2026\\\/03\\\/Logo-sans-fond.png\",\"width\":2449,\"height\":2560,\"caption\":\"La Boutique du Camp du Domaine\"},\"image\":{\"@id\":\"https:\\\/\\\/campdudomaine.shop\\\/en\\\/#\\\/schema\\\/logo\\\/image\\\/\"}}]}<\/script>\n<!-- \/ Yoast SEO plugin. -->","yoast_head_json":{"title":"Camp du Domaine Khaki Cap - 2026 - La Boutique du Camp du Domaine","description":"Prolongez l'exp\u00e9rience Camp du Domaine ! D\u00e9couvrez notre boutique en ligne : v\u00eatements exclusifs, produits de soin haut de gamme et r\u00e9servations de soins Spa pour un s\u00e9jour bien-\u00eatre inoubliable \u00e0 Bormes","robots":{"index":"index","follow":"follow","max-snippet":"max-snippet:-1","max-image-preview":"max-image-preview:large","max-video-preview":"max-video-preview:-1"},"canonical":"https:\/\/campdudomaine.shop\/en\/produit\/retro-beige-cap-copie-3\/","og_locale":"en_US","og_type":"article","og_title":"Camp du Domaine Khaki Cap - 2026 - La Boutique du Camp du Domaine","og_description":"Prolongez l'exp\u00e9rience Camp du Domaine ! D\u00e9couvrez notre boutique en ligne : v\u00eatements exclusifs, produits de soin haut de gamme et r\u00e9servations de soins Spa pour un s\u00e9jour bien-\u00eatre inoubliable \u00e0 Bormes","og_url":"https:\/\/campdudomaine.shop\/en\/produit\/retro-beige-cap-copie-3\/","og_site_name":"La Boutique du Camp du Domaine","article_modified_time":"2026-03-31T08:43:35+00:00","og_image":[{"width":1024,"height":1536,"url":"https:\/\/campdudomaine.shop\/wp-content\/uploads\/2026\/03\/casquette-camp-du-domaine-3.jpg","type":"image\/jpeg"}],"twitter_card":"summary_large_image","schema":{"@context":"https:\/\/schema.org","@graph":[{"@type":"WebPage","@id":"https:\/\/campdudomaine.shop\/en\/produit\/retro-beige-cap-copie-3\/","url":"https:\/\/campdudomaine.shop\/en\/produit\/retro-beige-cap-copie-3\/","name":"Camp du Domaine Khaki Cap - 2026 - La Boutique du Camp du Domaine","isPartOf":{"@id":"https:\/\/campdudomaine.shop\/en\/#website"},"primaryImageOfPage":{"@id":"https:\/\/campdudomaine.shop\/en\/produit\/retro-beige-cap-copie-3\/#primaryimage"},"image":{"@id":"https:\/\/campdudomaine.shop\/en\/produit\/retro-beige-cap-copie-3\/#primaryimage"},"thumbnailUrl":"https:\/\/campdudomaine.shop\/wp-content\/uploads\/2026\/03\/casquette-camp-du-domaine-3.jpg","datePublished":"2026-03-18T07:54:39+00:00","dateModified":"2026-03-31T08:43:35+00:00","description":"Prolongez l'exp\u00e9rience Camp du Domaine ! D\u00e9couvrez notre boutique en ligne : v\u00eatements exclusifs, produits de soin haut de gamme et r\u00e9servations de soins Spa pour un s\u00e9jour bien-\u00eatre inoubliable \u00e0 Bormes","breadcrumb":{"@id":"https:\/\/campdudomaine.shop\/en\/produit\/retro-beige-cap-copie-3\/#breadcrumb"},"inLanguage":"en-US","potentialAction":[{"@type":"ReadAction","target":["https:\/\/campdudomaine.shop\/en\/produit\/retro-beige-cap-copie-3\/"]}]},{"@type":"ImageObject","inLanguage":"en-US","@id":"https:\/\/campdudomaine.shop\/en\/produit\/retro-beige-cap-copie-3\/#primaryimage","url":"https:\/\/campdudomaine.shop\/wp-content\/uploads\/2026\/03\/casquette-camp-du-domaine-3.jpg","contentUrl":"https:\/\/campdudomaine.shop\/wp-content\/uploads\/2026\/03\/casquette-camp-du-domaine-3.jpg","width":1024,"height":1536},{"@type":"BreadcrumbList","@id":"https:\/\/campdudomaine.shop\/en\/produit\/retro-beige-cap-copie-3\/#breadcrumb","itemListElement":[{"@type":"ListItem","position":1,"name":"Accueil","item":"https:\/\/campdudomaine.shop\/en\/home\/"},{"@type":"ListItem","position":2,"name":"Shop","item":"https:\/\/campdudomaine.shop\/en\/shop\/"},{"@type":"ListItem","position":3,"name":"Camp du Domaine Khaki Cap &#8211; 2026"}]},{"@type":"WebSite","@id":"https:\/\/campdudomaine.shop\/en\/#website","url":"https:\/\/campdudomaine.shop\/en\/","name":"La Boutique du Camp du Domaine","description":"","publisher":{"@id":"https:\/\/campdudomaine.shop\/en\/#organization"},"potentialAction":[{"@type":"SearchAction","target":{"@type":"EntryPoint","urlTemplate":"https:\/\/campdudomaine.shop\/en\/?s={search_term_string}"},"query-input":{"@type":"PropertyValueSpecification","valueRequired":true,"valueName":"search_term_string"}}],"inLanguage":"en-US"},{"@type":"Organization","@id":"https:\/\/campdudomaine.shop\/en\/#organization","name":"La Boutique du Camp du Domaine","url":"https:\/\/campdudomaine.shop\/en\/","logo":{"@type":"ImageObject","inLanguage":"en-US","@id":"https:\/\/campdudomaine.shop\/en\/#\/schema\/logo\/image\/","url":"https:\/\/campdudomaine.shop\/wp-content\/uploads\/2026\/03\/Logo-sans-fond.png","contentUrl":"https:\/\/campdudomaine.shop\/wp-content\/uploads\/2026\/03\/Logo-sans-fond.png","width":2449,"height":2560,"caption":"La Boutique du Camp du Domaine"},"image":{"@id":"https:\/\/campdudomaine.shop\/en\/#\/schema\/logo\/image\/"}}]}},"_links":{"self":[{"href":"https:\/\/campdudomaine.shop\/en\/wp-json\/wp\/v2\/product\/1358","targetHints":{"allow":["GET"]}}],"collection":[{"href":"https:\/\/campdudomaine.shop\/en\/wp-json\/wp\/v2\/product"}],"about":[{"href":"https:\/\/campdudomaine.shop\/en\/wp-json\/wp\/v2\/types\/product"}],"replies":[{"embeddable":true,"href":"https:\/\/campdudomaine.shop\/en\/wp-json\/wp\/v2\/comments?post=1358"}],"wp:featuredmedia":[{"embeddable":true,"href":"https:\/\/campdudomaine.shop\/en\/wp-json\/wp\/v2\/media\/1363"}],"wp:attachment":[{"href":"https:\/\/campdudomaine.shop\/en\/wp-json\/wp\/v2\/media?parent=1358"}],"wp:term":[{"taxonomy":"product_brand","embeddable":true,"href":"https:\/\/campdudomaine.shop\/en\/wp-json\/wp\/v2\/product_brand?post=1358"},{"taxonomy":"product_cat","embeddable":true,"href":"https:\/\/campdudomaine.shop\/en\/wp-json\/wp\/v2\/product_cat?post=1358"},{"taxonomy":"product_tag","embeddable":true,"href":"https:\/\/campdudomaine.shop\/en\/wp-json\/wp\/v2\/product_tag?post=1358"}],"curies":[{"name":"wp","href":"https:\/\/api.w.org\/{rel}","templated":true}]}}