{"id":660,"date":"2025-10-28T15:12:47","date_gmt":"2025-10-28T15:12:47","guid":{"rendered":"https:\/\/campdudomaine.shop\/produit\/beige-retro-kappe\/"},"modified":"2026-04-07T07:56:01","modified_gmt":"2026-04-07T07:56:01","slug":"beige-retro-kappe","status":"publish","type":"product","link":"https:\/\/campdudomaine.shop\/de\/produit\/beige-retro-kappe\/","title":{"rendered":"Beige Retro-Kappe"},"content":{"rendered":"<p>Zeigen Sie Ihren Stil und genie\u00dfen Sie die Sonne \u2013 mit der beigen Cap des Camp du Domaine! Ihre Form und nat\u00fcrliche Sandfarbe machen sie zu einem Accessoire, das sowohl modern als auch leicht zu tragen ist. Sie wird mit zwei abnehmbaren Patches geliefert: einer mit dem Logo des Camp du Domaine, der andere im Retro-Design, inspiriert vom Camping-Geist. Dank des Klettsystems l\u00e4sst sich der Patch jederzeit nach Lust und Laune austauschen. Leicht, atmungsaktiv und verstellbar ist diese Cap der perfekte Begleiter f\u00fcr Ihre Tage auf dem Campingplatz \u2013 eine ideale Kombination aus Stil und Komfort.    <\/p>\n","protected":false},"excerpt":{"rendered":"<p>Zeigen Sie Ihren Stil und genie\u00dfen Sie die Sonne \u2013 mit der beigen Cap des Camp du Domaine!<\/p>\n","protected":false},"featured_media":1123,"comment_status":"open","ping_status":"closed","template":"","meta":[],"product_brand":[],"product_cat":[65],"product_tag":[],"class_list":{"0":"post-660","1":"product","2":"type-product","3":"status-publish","4":"has-post-thumbnail","6":"product_cat-kappe","8":"first","9":"instock","10":"shipping-taxable","11":"purchasable","12":"product-type-simple"},"yoast_head":"<!-- This site is optimized with the Yoast SEO plugin v27.4 - https:\/\/yoast.com\/product\/yoast-seo-wordpress\/ -->\n<title>Beige Retro-Kappe - La Boutique du Camp du Domaine<\/title>\n<meta name=\"description\" content=\"Prolongez l&#039;exp\u00e9rience Camp du Domaine ! D\u00e9couvrez notre boutique en ligne : v\u00eatements exclusifs, produits de soin haut de gamme et r\u00e9servations de soins Spa pour un s\u00e9jour bien-\u00eatre inoubliable \u00e0 Bormes\" \/>\n<meta name=\"robots\" content=\"index, follow, max-snippet:-1, max-image-preview:large, max-video-preview:-1\" \/>\n<link rel=\"canonical\" href=\"https:\/\/campdudomaine.shop\/de\/produit\/beige-retro-kappe\/\" \/>\n<meta property=\"og:locale\" content=\"de_DE\" \/>\n<meta property=\"og:type\" content=\"article\" \/>\n<meta property=\"og:title\" content=\"Beige Retro-Kappe - La Boutique du Camp du Domaine\" \/>\n<meta property=\"og:description\" content=\"Prolongez l&#039;exp\u00e9rience Camp du Domaine ! D\u00e9couvrez notre boutique en ligne : v\u00eatements exclusifs, produits de soin haut de gamme et r\u00e9servations de soins Spa pour un s\u00e9jour bien-\u00eatre inoubliable \u00e0 Bormes\" \/>\n<meta property=\"og:url\" content=\"https:\/\/campdudomaine.shop\/de\/produit\/beige-retro-kappe\/\" \/>\n<meta property=\"og:site_name\" content=\"La Boutique du Camp du Domaine\" \/>\n<meta property=\"article:modified_time\" content=\"2026-04-07T07:56:01+00:00\" \/>\n<meta property=\"og:image\" content=\"https:\/\/campdudomaine.shop\/wp-content\/uploads\/2025\/10\/casquette.jpg\" \/>\n\t<meta property=\"og:image:width\" content=\"1024\" \/>\n\t<meta property=\"og:image:height\" content=\"1536\" \/>\n\t<meta property=\"og:image:type\" content=\"image\/jpeg\" \/>\n<meta name=\"twitter:card\" content=\"summary_large_image\" \/>\n<script type=\"application\/ld+json\" class=\"yoast-schema-graph\">{\"@context\":\"https:\\\/\\\/schema.org\",\"@graph\":[{\"@type\":\"WebPage\",\"@id\":\"https:\\\/\\\/campdudomaine.shop\\\/de\\\/produit\\\/beige-retro-kappe\\\/\",\"url\":\"https:\\\/\\\/campdudomaine.shop\\\/de\\\/produit\\\/beige-retro-kappe\\\/\",\"name\":\"Beige Retro-Kappe - La Boutique du Camp du Domaine\",\"isPartOf\":{\"@id\":\"https:\\\/\\\/campdudomaine.shop\\\/de\\\/#website\"},\"primaryImageOfPage\":{\"@id\":\"https:\\\/\\\/campdudomaine.shop\\\/de\\\/produit\\\/beige-retro-kappe\\\/#primaryimage\"},\"image\":{\"@id\":\"https:\\\/\\\/campdudomaine.shop\\\/de\\\/produit\\\/beige-retro-kappe\\\/#primaryimage\"},\"thumbnailUrl\":\"https:\\\/\\\/campdudomaine.shop\\\/wp-content\\\/uploads\\\/2025\\\/10\\\/casquette.jpg\",\"datePublished\":\"2025-10-28T15:12:47+00:00\",\"dateModified\":\"2026-04-07T07:56:01+00:00\",\"description\":\"Prolongez l'exp\u00e9rience Camp du Domaine ! D\u00e9couvrez notre boutique en ligne : v\u00eatements exclusifs, produits de soin haut de gamme et r\u00e9servations de soins Spa pour un s\u00e9jour bien-\u00eatre inoubliable \u00e0 Bormes\",\"breadcrumb\":{\"@id\":\"https:\\\/\\\/campdudomaine.shop\\\/de\\\/produit\\\/beige-retro-kappe\\\/#breadcrumb\"},\"inLanguage\":\"de\",\"potentialAction\":[{\"@type\":\"ReadAction\",\"target\":[\"https:\\\/\\\/campdudomaine.shop\\\/de\\\/produit\\\/beige-retro-kappe\\\/\"]}]},{\"@type\":\"ImageObject\",\"inLanguage\":\"de\",\"@id\":\"https:\\\/\\\/campdudomaine.shop\\\/de\\\/produit\\\/beige-retro-kappe\\\/#primaryimage\",\"url\":\"https:\\\/\\\/campdudomaine.shop\\\/wp-content\\\/uploads\\\/2025\\\/10\\\/casquette.jpg\",\"contentUrl\":\"https:\\\/\\\/campdudomaine.shop\\\/wp-content\\\/uploads\\\/2025\\\/10\\\/casquette.jpg\",\"width\":1024,\"height\":1536},{\"@type\":\"BreadcrumbList\",\"@id\":\"https:\\\/\\\/campdudomaine.shop\\\/de\\\/produit\\\/beige-retro-kappe\\\/#breadcrumb\",\"itemListElement\":[{\"@type\":\"ListItem\",\"position\":1,\"name\":\"Accueil\",\"item\":\"https:\\\/\\\/campdudomaine.shop\\\/de\\\/startseite\\\/\"},{\"@type\":\"ListItem\",\"position\":2,\"name\":\"Shop\",\"item\":\"https:\\\/\\\/campdudomaine.shop\\\/de\\\/shop\\\/\"},{\"@type\":\"ListItem\",\"position\":3,\"name\":\"Beige Retro-Kappe\"}]},{\"@type\":\"WebSite\",\"@id\":\"https:\\\/\\\/campdudomaine.shop\\\/de\\\/#website\",\"url\":\"https:\\\/\\\/campdudomaine.shop\\\/de\\\/\",\"name\":\"La Boutique du Camp du Domaine\",\"description\":\"\",\"publisher\":{\"@id\":\"https:\\\/\\\/campdudomaine.shop\\\/de\\\/#organization\"},\"potentialAction\":[{\"@type\":\"SearchAction\",\"target\":{\"@type\":\"EntryPoint\",\"urlTemplate\":\"https:\\\/\\\/campdudomaine.shop\\\/de\\\/?s={search_term_string}\"},\"query-input\":{\"@type\":\"PropertyValueSpecification\",\"valueRequired\":true,\"valueName\":\"search_term_string\"}}],\"inLanguage\":\"de\"},{\"@type\":\"Organization\",\"@id\":\"https:\\\/\\\/campdudomaine.shop\\\/de\\\/#organization\",\"name\":\"La Boutique du Camp du Domaine\",\"url\":\"https:\\\/\\\/campdudomaine.shop\\\/de\\\/\",\"logo\":{\"@type\":\"ImageObject\",\"inLanguage\":\"de\",\"@id\":\"https:\\\/\\\/campdudomaine.shop\\\/de\\\/#\\\/schema\\\/logo\\\/image\\\/\",\"url\":\"https:\\\/\\\/campdudomaine.shop\\\/wp-content\\\/uploads\\\/2026\\\/03\\\/Logo-sans-fond.png\",\"contentUrl\":\"https:\\\/\\\/campdudomaine.shop\\\/wp-content\\\/uploads\\\/2026\\\/03\\\/Logo-sans-fond.png\",\"width\":2449,\"height\":2560,\"caption\":\"La Boutique du Camp du Domaine\"},\"image\":{\"@id\":\"https:\\\/\\\/campdudomaine.shop\\\/de\\\/#\\\/schema\\\/logo\\\/image\\\/\"}}]}<\/script>\n<!-- \/ Yoast SEO plugin. -->","yoast_head_json":{"title":"Beige Retro-Kappe - La Boutique du Camp du Domaine","description":"Prolongez l'exp\u00e9rience Camp du Domaine ! D\u00e9couvrez notre boutique en ligne : v\u00eatements exclusifs, produits de soin haut de gamme et r\u00e9servations de soins Spa pour un s\u00e9jour bien-\u00eatre inoubliable \u00e0 Bormes","robots":{"index":"index","follow":"follow","max-snippet":"max-snippet:-1","max-image-preview":"max-image-preview:large","max-video-preview":"max-video-preview:-1"},"canonical":"https:\/\/campdudomaine.shop\/de\/produit\/beige-retro-kappe\/","og_locale":"de_DE","og_type":"article","og_title":"Beige Retro-Kappe - La Boutique du Camp du Domaine","og_description":"Prolongez l'exp\u00e9rience Camp du Domaine ! D\u00e9couvrez notre boutique en ligne : v\u00eatements exclusifs, produits de soin haut de gamme et r\u00e9servations de soins Spa pour un s\u00e9jour bien-\u00eatre inoubliable \u00e0 Bormes","og_url":"https:\/\/campdudomaine.shop\/de\/produit\/beige-retro-kappe\/","og_site_name":"La Boutique du Camp du Domaine","article_modified_time":"2026-04-07T07:56:01+00:00","og_image":[{"width":1024,"height":1536,"url":"https:\/\/campdudomaine.shop\/wp-content\/uploads\/2025\/10\/casquette.jpg","type":"image\/jpeg"}],"twitter_card":"summary_large_image","schema":{"@context":"https:\/\/schema.org","@graph":[{"@type":"WebPage","@id":"https:\/\/campdudomaine.shop\/de\/produit\/beige-retro-kappe\/","url":"https:\/\/campdudomaine.shop\/de\/produit\/beige-retro-kappe\/","name":"Beige Retro-Kappe - La Boutique du Camp du Domaine","isPartOf":{"@id":"https:\/\/campdudomaine.shop\/de\/#website"},"primaryImageOfPage":{"@id":"https:\/\/campdudomaine.shop\/de\/produit\/beige-retro-kappe\/#primaryimage"},"image":{"@id":"https:\/\/campdudomaine.shop\/de\/produit\/beige-retro-kappe\/#primaryimage"},"thumbnailUrl":"https:\/\/campdudomaine.shop\/wp-content\/uploads\/2025\/10\/casquette.jpg","datePublished":"2025-10-28T15:12:47+00:00","dateModified":"2026-04-07T07:56:01+00:00","description":"Prolongez l'exp\u00e9rience Camp du Domaine ! D\u00e9couvrez notre boutique en ligne : v\u00eatements exclusifs, produits de soin haut de gamme et r\u00e9servations de soins Spa pour un s\u00e9jour bien-\u00eatre inoubliable \u00e0 Bormes","breadcrumb":{"@id":"https:\/\/campdudomaine.shop\/de\/produit\/beige-retro-kappe\/#breadcrumb"},"inLanguage":"de","potentialAction":[{"@type":"ReadAction","target":["https:\/\/campdudomaine.shop\/de\/produit\/beige-retro-kappe\/"]}]},{"@type":"ImageObject","inLanguage":"de","@id":"https:\/\/campdudomaine.shop\/de\/produit\/beige-retro-kappe\/#primaryimage","url":"https:\/\/campdudomaine.shop\/wp-content\/uploads\/2025\/10\/casquette.jpg","contentUrl":"https:\/\/campdudomaine.shop\/wp-content\/uploads\/2025\/10\/casquette.jpg","width":1024,"height":1536},{"@type":"BreadcrumbList","@id":"https:\/\/campdudomaine.shop\/de\/produit\/beige-retro-kappe\/#breadcrumb","itemListElement":[{"@type":"ListItem","position":1,"name":"Accueil","item":"https:\/\/campdudomaine.shop\/de\/startseite\/"},{"@type":"ListItem","position":2,"name":"Shop","item":"https:\/\/campdudomaine.shop\/de\/shop\/"},{"@type":"ListItem","position":3,"name":"Beige Retro-Kappe"}]},{"@type":"WebSite","@id":"https:\/\/campdudomaine.shop\/de\/#website","url":"https:\/\/campdudomaine.shop\/de\/","name":"La Boutique du Camp du Domaine","description":"","publisher":{"@id":"https:\/\/campdudomaine.shop\/de\/#organization"},"potentialAction":[{"@type":"SearchAction","target":{"@type":"EntryPoint","urlTemplate":"https:\/\/campdudomaine.shop\/de\/?s={search_term_string}"},"query-input":{"@type":"PropertyValueSpecification","valueRequired":true,"valueName":"search_term_string"}}],"inLanguage":"de"},{"@type":"Organization","@id":"https:\/\/campdudomaine.shop\/de\/#organization","name":"La Boutique du Camp du Domaine","url":"https:\/\/campdudomaine.shop\/de\/","logo":{"@type":"ImageObject","inLanguage":"de","@id":"https:\/\/campdudomaine.shop\/de\/#\/schema\/logo\/image\/","url":"https:\/\/campdudomaine.shop\/wp-content\/uploads\/2026\/03\/Logo-sans-fond.png","contentUrl":"https:\/\/campdudomaine.shop\/wp-content\/uploads\/2026\/03\/Logo-sans-fond.png","width":2449,"height":2560,"caption":"La Boutique du Camp du Domaine"},"image":{"@id":"https:\/\/campdudomaine.shop\/de\/#\/schema\/logo\/image\/"}}]}},"_links":{"self":[{"href":"https:\/\/campdudomaine.shop\/de\/wp-json\/wp\/v2\/product\/660","targetHints":{"allow":["GET"]}}],"collection":[{"href":"https:\/\/campdudomaine.shop\/de\/wp-json\/wp\/v2\/product"}],"about":[{"href":"https:\/\/campdudomaine.shop\/de\/wp-json\/wp\/v2\/types\/product"}],"replies":[{"embeddable":true,"href":"https:\/\/campdudomaine.shop\/de\/wp-json\/wp\/v2\/comments?post=660"}],"wp:featuredmedia":[{"embeddable":true,"href":"https:\/\/campdudomaine.shop\/de\/wp-json\/wp\/v2\/media\/1123"}],"wp:attachment":[{"href":"https:\/\/campdudomaine.shop\/de\/wp-json\/wp\/v2\/media?parent=660"}],"wp:term":[{"taxonomy":"product_brand","embeddable":true,"href":"https:\/\/campdudomaine.shop\/de\/wp-json\/wp\/v2\/product_brand?post=660"},{"taxonomy":"product_cat","embeddable":true,"href":"https:\/\/campdudomaine.shop\/de\/wp-json\/wp\/v2\/product_cat?post=660"},{"taxonomy":"product_tag","embeddable":true,"href":"https:\/\/campdudomaine.shop\/de\/wp-json\/wp\/v2\/product_tag?post=660"}],"curies":[{"name":"wp","href":"https:\/\/api.w.org\/{rel}","templated":true}]}}