{"id":1812,"date":"2026-03-17T14:00:31","date_gmt":"2026-03-17T14:00:31","guid":{"rendered":"https:\/\/campdudomaine.shop\/produit\/badeshorts-camp-du-domaine-2026\/"},"modified":"2026-04-06T11:47:30","modified_gmt":"2026-04-06T11:47:30","slug":"badeshorts-camp-du-domaine-2026","status":"publish","type":"product","link":"https:\/\/campdudomaine.shop\/de\/produit\/badeshorts-camp-du-domaine-2026\/","title":{"rendered":"Badeshorts \u2013 Camp du Domaine 2026"},"content":{"rendered":"<p data-start=\"275\" data-end=\"405\">F\u00fcr Ihre Tage zwischen Strand, Pool und entspannten Momenten auf dem Campingplatz gemacht, verbinden diese Badeshorts Leichtigkeit, Komfort und Stil.<\/p>\n<p data-start=\"407\" data-end=\"550\">Mit dem Camp du Domaine Design personalisiert, sind sie weit mehr als nur eine Badehose \u2013 ein echtes Sommerst\u00fcck, das Sie auch nach dem Urlaub gerne weitertragen.<\/p>\n<p data-start=\"582\" data-end=\"624\">Schlichter, effektiver Look, leicht zu kombinieren<br \/>\nSchnelltrocknend (ideal f\u00fcr den Urlaub)<br \/>\nLeicht und den ganzen Tag \u00fcber angenehm zu tragen<br \/>\nEin echtes, n\u00fctzliches Souvenir (kein reines Gadget)<br \/>\nLeichtes Material, das nicht auf der Haut klebt<br \/>\nIntegrierter Mesh-Innenslip f\u00fcr zus\u00e4tzlichen Komfort<br \/>\nElastischer Bund mit Kordelzug f\u00fcr eine perfekte Passform<\/p>\n<h3 data-section-id=\"1rdkgel\" data-start=\"1612\" data-end=\"1634\">Eigenschaften<\/h3>\n<p data-start=\"1637\" data-end=\"1708\">100 % leichtes Polyamid (105 g\/m\u00b2)<br \/>\nInnenhose : Mesh-Futter<br \/>\nSchnelltrocknend<br \/>\nElastischer Bund mit Kordelzug<br \/>\nGr\u00f6\u00dfen: M bis XXL<br \/>\n2 Seitentaschen<br \/>\n1 Ges\u00e4\u00dftasche mit Verschluss<\/p>\n","protected":false},"excerpt":{"rendered":"<p>F\u00fcr Ihre Tage zwischen Strand, Pool und entspannten Momenten auf dem Campingplatz gemacht, verbinden diese Badeshorts Leichtigkeit, Komfort und Stil. Mit dem Camp du Domaine Design personalisiert, sind sie weit mehr als nur eine Badehose \u2013 ein echtes Sommerst\u00fcck, das Sie auch nach dem Urlaub gerne weitertragen. Schlichter, effektiver Look, leicht zu kombinieren Schnelltrocknend (ideal [&hellip;]<\/p>\n","protected":false},"featured_media":1815,"comment_status":"closed","ping_status":"closed","template":"","meta":[],"product_brand":[],"product_cat":[110],"product_tag":[],"class_list":{"0":"post-1812","1":"product","2":"type-product","3":"status-publish","4":"has-post-thumbnail","6":"product_cat-goodies","8":"first","9":"instock","10":"shipping-taxable","11":"purchasable","12":"product-type-variable"},"yoast_head":"<!-- This site is optimized with the Yoast SEO plugin v27.5 - https:\/\/yoast.com\/product\/yoast-seo-wordpress\/ -->\n<title>Badeshorts \u2013 Camp du Domaine 2026 - La Boutique du Camp du Domaine<\/title>\n<meta name=\"description\" content=\"Prolongez l&#039;exp\u00e9rience Camp du Domaine ! D\u00e9couvrez notre boutique en ligne : v\u00eatements exclusifs, produits de soin haut de gamme et r\u00e9servations de soins Spa pour un s\u00e9jour bien-\u00eatre inoubliable \u00e0 Bormes\" \/>\n<meta name=\"robots\" content=\"index, follow, max-snippet:-1, max-image-preview:large, max-video-preview:-1\" \/>\n<link rel=\"canonical\" href=\"https:\/\/campdudomaine.shop\/de\/produit\/badeshorts-camp-du-domaine-2026\/\" \/>\n<meta property=\"og:locale\" content=\"de_DE\" \/>\n<meta property=\"og:type\" content=\"article\" \/>\n<meta property=\"og:title\" content=\"Badeshorts \u2013 Camp du Domaine 2026 - La Boutique du Camp du Domaine\" \/>\n<meta property=\"og:description\" content=\"Prolongez l&#039;exp\u00e9rience Camp du Domaine ! D\u00e9couvrez notre boutique en ligne : v\u00eatements exclusifs, produits de soin haut de gamme et r\u00e9servations de soins Spa pour un s\u00e9jour bien-\u00eatre inoubliable \u00e0 Bormes\" \/>\n<meta property=\"og:url\" content=\"https:\/\/campdudomaine.shop\/de\/produit\/badeshorts-camp-du-domaine-2026\/\" \/>\n<meta property=\"og:site_name\" content=\"La Boutique du Camp du Domaine\" \/>\n<meta property=\"article:modified_time\" content=\"2026-04-06T11:47:30+00:00\" \/>\n<meta property=\"og:image\" content=\"https:\/\/campdudomaine.shop\/wp-content\/uploads\/2026\/03\/short-bain-camp-du-domaine.jpg\" \/>\n\t<meta property=\"og:image:width\" content=\"1024\" \/>\n\t<meta property=\"og:image:height\" content=\"1536\" \/>\n\t<meta property=\"og:image:type\" content=\"image\/jpeg\" \/>\n<meta name=\"twitter:card\" content=\"summary_large_image\" \/>\n<meta name=\"twitter:label1\" content=\"Gesch\u00e4tzte Lesezeit\" \/>\n\t<meta name=\"twitter:data1\" content=\"1\u00a0Minute\" \/>\n<script type=\"application\/ld+json\" class=\"yoast-schema-graph\">{\"@context\":\"https:\\\/\\\/schema.org\",\"@graph\":[{\"@type\":\"WebPage\",\"@id\":\"https:\\\/\\\/campdudomaine.shop\\\/de\\\/produit\\\/badeshorts-camp-du-domaine-2026\\\/\",\"url\":\"https:\\\/\\\/campdudomaine.shop\\\/de\\\/produit\\\/badeshorts-camp-du-domaine-2026\\\/\",\"name\":\"Badeshorts \u2013 Camp du Domaine 2026 - La Boutique du Camp du Domaine\",\"isPartOf\":{\"@id\":\"https:\\\/\\\/campdudomaine.shop\\\/de\\\/#website\"},\"primaryImageOfPage\":{\"@id\":\"https:\\\/\\\/campdudomaine.shop\\\/de\\\/produit\\\/badeshorts-camp-du-domaine-2026\\\/#primaryimage\"},\"image\":{\"@id\":\"https:\\\/\\\/campdudomaine.shop\\\/de\\\/produit\\\/badeshorts-camp-du-domaine-2026\\\/#primaryimage\"},\"thumbnailUrl\":\"https:\\\/\\\/campdudomaine.shop\\\/wp-content\\\/uploads\\\/2026\\\/03\\\/short-bain-camp-du-domaine.jpg\",\"datePublished\":\"2026-03-17T14:00:31+00:00\",\"dateModified\":\"2026-04-06T11:47:30+00:00\",\"description\":\"Prolongez l'exp\u00e9rience Camp du Domaine ! D\u00e9couvrez notre boutique en ligne : v\u00eatements exclusifs, produits de soin haut de gamme et r\u00e9servations de soins Spa pour un s\u00e9jour bien-\u00eatre inoubliable \u00e0 Bormes\",\"breadcrumb\":{\"@id\":\"https:\\\/\\\/campdudomaine.shop\\\/de\\\/produit\\\/badeshorts-camp-du-domaine-2026\\\/#breadcrumb\"},\"inLanguage\":\"de\",\"potentialAction\":[{\"@type\":\"ReadAction\",\"target\":[\"https:\\\/\\\/campdudomaine.shop\\\/de\\\/produit\\\/badeshorts-camp-du-domaine-2026\\\/\"]}]},{\"@type\":\"ImageObject\",\"inLanguage\":\"de\",\"@id\":\"https:\\\/\\\/campdudomaine.shop\\\/de\\\/produit\\\/badeshorts-camp-du-domaine-2026\\\/#primaryimage\",\"url\":\"https:\\\/\\\/campdudomaine.shop\\\/wp-content\\\/uploads\\\/2026\\\/03\\\/short-bain-camp-du-domaine.jpg\",\"contentUrl\":\"https:\\\/\\\/campdudomaine.shop\\\/wp-content\\\/uploads\\\/2026\\\/03\\\/short-bain-camp-du-domaine.jpg\",\"width\":1024,\"height\":1536},{\"@type\":\"BreadcrumbList\",\"@id\":\"https:\\\/\\\/campdudomaine.shop\\\/de\\\/produit\\\/badeshorts-camp-du-domaine-2026\\\/#breadcrumb\",\"itemListElement\":[{\"@type\":\"ListItem\",\"position\":1,\"name\":\"Accueil\",\"item\":\"https:\\\/\\\/campdudomaine.shop\\\/de\\\/startseite\\\/\"},{\"@type\":\"ListItem\",\"position\":2,\"name\":\"Shop\",\"item\":\"https:\\\/\\\/campdudomaine.shop\\\/de\\\/shop\\\/\"},{\"@type\":\"ListItem\",\"position\":3,\"name\":\"Badeshorts \u2013 Camp du Domaine 2026\"}]},{\"@type\":\"WebSite\",\"@id\":\"https:\\\/\\\/campdudomaine.shop\\\/de\\\/#website\",\"url\":\"https:\\\/\\\/campdudomaine.shop\\\/de\\\/\",\"name\":\"La Boutique du Camp du Domaine\",\"description\":\"\",\"publisher\":{\"@id\":\"https:\\\/\\\/campdudomaine.shop\\\/de\\\/#organization\"},\"potentialAction\":[{\"@type\":\"SearchAction\",\"target\":{\"@type\":\"EntryPoint\",\"urlTemplate\":\"https:\\\/\\\/campdudomaine.shop\\\/de\\\/?s={search_term_string}\"},\"query-input\":{\"@type\":\"PropertyValueSpecification\",\"valueRequired\":true,\"valueName\":\"search_term_string\"}}],\"inLanguage\":\"de\"},{\"@type\":\"Organization\",\"@id\":\"https:\\\/\\\/campdudomaine.shop\\\/de\\\/#organization\",\"name\":\"La Boutique du Camp du Domaine\",\"url\":\"https:\\\/\\\/campdudomaine.shop\\\/de\\\/\",\"logo\":{\"@type\":\"ImageObject\",\"inLanguage\":\"de\",\"@id\":\"https:\\\/\\\/campdudomaine.shop\\\/de\\\/#\\\/schema\\\/logo\\\/image\\\/\",\"url\":\"https:\\\/\\\/campdudomaine.shop\\\/wp-content\\\/uploads\\\/2026\\\/03\\\/Logo-sans-fond.png\",\"contentUrl\":\"https:\\\/\\\/campdudomaine.shop\\\/wp-content\\\/uploads\\\/2026\\\/03\\\/Logo-sans-fond.png\",\"width\":2449,\"height\":2560,\"caption\":\"La Boutique du Camp du Domaine\"},\"image\":{\"@id\":\"https:\\\/\\\/campdudomaine.shop\\\/de\\\/#\\\/schema\\\/logo\\\/image\\\/\"}}]}<\/script>\n<!-- \/ Yoast SEO plugin. -->","yoast_head_json":{"title":"Badeshorts \u2013 Camp du Domaine 2026 - La Boutique du Camp du Domaine","description":"Prolongez l'exp\u00e9rience Camp du Domaine ! D\u00e9couvrez notre boutique en ligne : v\u00eatements exclusifs, produits de soin haut de gamme et r\u00e9servations de soins Spa pour un s\u00e9jour bien-\u00eatre inoubliable \u00e0 Bormes","robots":{"index":"index","follow":"follow","max-snippet":"max-snippet:-1","max-image-preview":"max-image-preview:large","max-video-preview":"max-video-preview:-1"},"canonical":"https:\/\/campdudomaine.shop\/de\/produit\/badeshorts-camp-du-domaine-2026\/","og_locale":"de_DE","og_type":"article","og_title":"Badeshorts \u2013 Camp du Domaine 2026 - La Boutique du Camp du Domaine","og_description":"Prolongez l'exp\u00e9rience Camp du Domaine ! D\u00e9couvrez notre boutique en ligne : v\u00eatements exclusifs, produits de soin haut de gamme et r\u00e9servations de soins Spa pour un s\u00e9jour bien-\u00eatre inoubliable \u00e0 Bormes","og_url":"https:\/\/campdudomaine.shop\/de\/produit\/badeshorts-camp-du-domaine-2026\/","og_site_name":"La Boutique du Camp du Domaine","article_modified_time":"2026-04-06T11:47:30+00:00","og_image":[{"width":1024,"height":1536,"url":"https:\/\/campdudomaine.shop\/wp-content\/uploads\/2026\/03\/short-bain-camp-du-domaine.jpg","type":"image\/jpeg"}],"twitter_card":"summary_large_image","twitter_misc":{"Gesch\u00e4tzte Lesezeit":"1\u00a0Minute"},"schema":{"@context":"https:\/\/schema.org","@graph":[{"@type":"WebPage","@id":"https:\/\/campdudomaine.shop\/de\/produit\/badeshorts-camp-du-domaine-2026\/","url":"https:\/\/campdudomaine.shop\/de\/produit\/badeshorts-camp-du-domaine-2026\/","name":"Badeshorts \u2013 Camp du Domaine 2026 - La Boutique du Camp du Domaine","isPartOf":{"@id":"https:\/\/campdudomaine.shop\/de\/#website"},"primaryImageOfPage":{"@id":"https:\/\/campdudomaine.shop\/de\/produit\/badeshorts-camp-du-domaine-2026\/#primaryimage"},"image":{"@id":"https:\/\/campdudomaine.shop\/de\/produit\/badeshorts-camp-du-domaine-2026\/#primaryimage"},"thumbnailUrl":"https:\/\/campdudomaine.shop\/wp-content\/uploads\/2026\/03\/short-bain-camp-du-domaine.jpg","datePublished":"2026-03-17T14:00:31+00:00","dateModified":"2026-04-06T11:47:30+00:00","description":"Prolongez l'exp\u00e9rience Camp du Domaine ! D\u00e9couvrez notre boutique en ligne : v\u00eatements exclusifs, produits de soin haut de gamme et r\u00e9servations de soins Spa pour un s\u00e9jour bien-\u00eatre inoubliable \u00e0 Bormes","breadcrumb":{"@id":"https:\/\/campdudomaine.shop\/de\/produit\/badeshorts-camp-du-domaine-2026\/#breadcrumb"},"inLanguage":"de","potentialAction":[{"@type":"ReadAction","target":["https:\/\/campdudomaine.shop\/de\/produit\/badeshorts-camp-du-domaine-2026\/"]}]},{"@type":"ImageObject","inLanguage":"de","@id":"https:\/\/campdudomaine.shop\/de\/produit\/badeshorts-camp-du-domaine-2026\/#primaryimage","url":"https:\/\/campdudomaine.shop\/wp-content\/uploads\/2026\/03\/short-bain-camp-du-domaine.jpg","contentUrl":"https:\/\/campdudomaine.shop\/wp-content\/uploads\/2026\/03\/short-bain-camp-du-domaine.jpg","width":1024,"height":1536},{"@type":"BreadcrumbList","@id":"https:\/\/campdudomaine.shop\/de\/produit\/badeshorts-camp-du-domaine-2026\/#breadcrumb","itemListElement":[{"@type":"ListItem","position":1,"name":"Accueil","item":"https:\/\/campdudomaine.shop\/de\/startseite\/"},{"@type":"ListItem","position":2,"name":"Shop","item":"https:\/\/campdudomaine.shop\/de\/shop\/"},{"@type":"ListItem","position":3,"name":"Badeshorts \u2013 Camp du Domaine 2026"}]},{"@type":"WebSite","@id":"https:\/\/campdudomaine.shop\/de\/#website","url":"https:\/\/campdudomaine.shop\/de\/","name":"La Boutique du Camp du Domaine","description":"","publisher":{"@id":"https:\/\/campdudomaine.shop\/de\/#organization"},"potentialAction":[{"@type":"SearchAction","target":{"@type":"EntryPoint","urlTemplate":"https:\/\/campdudomaine.shop\/de\/?s={search_term_string}"},"query-input":{"@type":"PropertyValueSpecification","valueRequired":true,"valueName":"search_term_string"}}],"inLanguage":"de"},{"@type":"Organization","@id":"https:\/\/campdudomaine.shop\/de\/#organization","name":"La Boutique du Camp du Domaine","url":"https:\/\/campdudomaine.shop\/de\/","logo":{"@type":"ImageObject","inLanguage":"de","@id":"https:\/\/campdudomaine.shop\/de\/#\/schema\/logo\/image\/","url":"https:\/\/campdudomaine.shop\/wp-content\/uploads\/2026\/03\/Logo-sans-fond.png","contentUrl":"https:\/\/campdudomaine.shop\/wp-content\/uploads\/2026\/03\/Logo-sans-fond.png","width":2449,"height":2560,"caption":"La Boutique du Camp du Domaine"},"image":{"@id":"https:\/\/campdudomaine.shop\/de\/#\/schema\/logo\/image\/"}}]}},"_links":{"self":[{"href":"https:\/\/campdudomaine.shop\/de\/wp-json\/wp\/v2\/product\/1812","targetHints":{"allow":["GET"]}}],"collection":[{"href":"https:\/\/campdudomaine.shop\/de\/wp-json\/wp\/v2\/product"}],"about":[{"href":"https:\/\/campdudomaine.shop\/de\/wp-json\/wp\/v2\/types\/product"}],"replies":[{"embeddable":true,"href":"https:\/\/campdudomaine.shop\/de\/wp-json\/wp\/v2\/comments?post=1812"}],"wp:featuredmedia":[{"embeddable":true,"href":"https:\/\/campdudomaine.shop\/de\/wp-json\/wp\/v2\/media\/1815"}],"wp:attachment":[{"href":"https:\/\/campdudomaine.shop\/de\/wp-json\/wp\/v2\/media?parent=1812"}],"wp:term":[{"taxonomy":"product_brand","embeddable":true,"href":"https:\/\/campdudomaine.shop\/de\/wp-json\/wp\/v2\/product_brand?post=1812"},{"taxonomy":"product_cat","embeddable":true,"href":"https:\/\/campdudomaine.shop\/de\/wp-json\/wp\/v2\/product_cat?post=1812"},{"taxonomy":"product_tag","embeddable":true,"href":"https:\/\/campdudomaine.shop\/de\/wp-json\/wp\/v2\/product_tag?post=1812"}],"curies":[{"name":"wp","href":"https:\/\/api.w.org\/{rel}","templated":true}]}}