{"id":807,"date":"2025-10-24T13:44:44","date_gmt":"2025-10-24T13:44:44","guid":{"rendered":"https:\/\/campdudomaine.shop\/agb-impressum\/"},"modified":"2025-11-08T14:28:19","modified_gmt":"2025-11-08T14:28:19","slug":"agb-impressum","status":"publish","type":"page","link":"https:\/\/campdudomaine.shop\/de\/agb-impressum\/","title":{"rendered":"AGB &amp; Impressum"},"content":{"rendered":"\t\t<div data-elementor-type=\"wp-page\" data-elementor-id=\"807\" class=\"elementor elementor-807 elementor-3\" data-elementor-post-type=\"page\">\n\t\t\t\t<div class=\"elementor-element elementor-element-302d5b9f e-con-full e-flex e-con e-parent\" data-id=\"302d5b9f\" data-element_type=\"container\" data-e-type=\"container\">\n\t\t\t\t<div class=\"elementor-element elementor-element-8982b36 elementor-widget elementor-widget-heading\" data-id=\"8982b36\" data-element_type=\"widget\" data-e-type=\"widget\" data-widget_type=\"heading.default\">\n\t\t\t\t\t<h2 class=\"elementor-heading-title elementor-size-default\">AGB &amp; Impressum\n<\/h2>\t\t\t\t<\/div>\n\t\t\t\t<div class=\"elementor-element elementor-element-1679730b elementor-widget elementor-widget-text-editor\" data-id=\"1679730b\" data-element_type=\"widget\" data-e-type=\"widget\" data-widget_type=\"text-editor.default\">\n\t\t\t\t\t\t\t\t\t<p>SNC DEFOUR ist eine Offene Handelsgesellschaft<\/p><p>SIRET-Nr.: 30570891900017<\/p><p><strong>Angaben<\/strong>:<\/p><p>Firmenname: SNC DEFOUR<\/p><p>E-Mail-Adresse: mail@campdudomaine.com<\/p><p>Name des Verantwortlichen: Marc DEFOUR<\/p><p>Firmenadresse: 2581 Rte de B\u00e9nat, 83230 Bormes les mimosas, Frankreich<\/p><p>E-Mail: mail@campdudomaine.com<\/p><p>Website: www.campdudomaine.shop<\/p><p>Umgesetzt von Agence SewaLab<\/p><p>Die Website wird von HOSTINGER gehostet, mit Sitz in <b>HOSTINGER INTERNATIONAL LTD, 61 Lordou Vironos Street, 6023 Larnaca, Zypern<\/b>, erreichbar unter https:\/\/www.hostinger.fr\/contact.<\/p><p><b>Verkaufsbedingungen<\/b><\/p><p>Diese Verkaufsbedingungen werden einerseits von SNC DEFOUR, dessen T\u00e4tigkeit rechtlich unter dem Namen SNC DEFOUR angemeldet ist, im Folgenden \u201eder Verk\u00e4ufer\u201c genannt, und andererseits von jeder nat\u00fcrlichen oder juristischen Person, die \u00fcber diese Website einen Kauf t\u00e4tigen m\u00f6chte, im Folgenden \u201eder K\u00e4ufer\u201c genannt, abgeschlossen.<\/p><p>Die Website geh\u00f6rt vollst\u00e4ndig SNC DEFOUR und ihrem Verantwortlichen Marc DEFOUR, sowie alle damit verbundenen Rechte. Jede vollst\u00e4ndige oder teilweise Vervielf\u00e4ltigung bedarf stets der Genehmigung der Eigent\u00fcmer. Hyperlinks zur Website sind jedoch ohne besondere Anfrage gestattet.  <\/p><ol><li><h2><b>Annahme der Bedingungen<\/b><\/h2><\/li><\/ol><p>Der Kunde best\u00e4tigt, zum Zeitpunkt der Bestellung die auf diesem Bildschirm genannten besonderen Verkaufsbedingungen zur Kenntnis genommen zu haben und erkl\u00e4rt ausdr\u00fccklich, diese vorbehaltlos zu akzeptieren.<\/p><p>Diese Allgemeinen Gesch\u00e4ftsbedingungen regeln die Vertragsbeziehungen zwischen <b>SNC DEFOUR<\/b> und ihrem Kunden, wobei beide Parteien diese vorbehaltlos akzeptieren.<\/p><p>Diese Allgemeinen Gesch\u00e4ftsbedingungen haben Vorrang vor allen anderen Bedingungen, die in anderen Dokumenten enthalten sind, es sei denn, es liegt eine vorherige, ausdr\u00fcckliche und schriftliche Abweichung vor.<\/p><p>Der Verk\u00e4ufer beh\u00e4lt sich das Recht vor, seine Verkaufsbedingungen jederzeit zu \u00e4ndern. In diesem Fall gelten die zum Zeitpunkt der Bestellung durch den K\u00e4ufer g\u00fcltigen Bedingungen. <\/p><ol start=\"2\"><li><h2><b>Produkte<\/b><\/h2><\/li><\/ol><p>Die auf dieser Website pr\u00e4sentierten Artikel sind nur solange der Vorrat reicht und f\u00fcr die L\u00e4nder g\u00fcltig, die vom Dienstleister La Poste beliefert werden.<\/p><p>Im Rahmen des Verkaufs sind Produktangebote g\u00fcltig, solange sie auf der Website sichtbar sind und der Vorrat reicht. Im Falle einer au\u00dfergew\u00f6hnlichen St\u00f6rung in der Lagerverwaltung und der Nichtverf\u00fcgbarkeit von Produkten nach der Bestellung durch \u201eden K\u00e4ufer\u201c wird \u201eder Verk\u00e4ufer\u201c den Kunden per E-Mail \u00fcber die Lieferung einer Teillieferung oder die Stornierung seiner Bestellung informieren. Sollte das Bankkonto von \u201edem K\u00e4ufer\u201c belastet worden sein, wird \u201eder Verk\u00e4ufer\u201c umgehend eine R\u00fcckerstattung veranlassen. Das Kundenkonto wird erneut gutgeschrieben.   <\/p><p>Die Frist h\u00e4ngt von der Art der verwendeten Kreditkarte ab: 3 bis 8 Tage f\u00fcr eine sofortige Abbuchung und Ende des Monats f\u00fcr eine verz\u00f6gerte Abbuchung.<\/p><ol start=\"3\"><li><h2><b>Bestellung<\/b><\/h2><\/li><\/ol><p>Automatische Aufzeichnungssysteme gelten als Nachweis f\u00fcr Art, Inhalt und Datum der Bestellung.<\/p><p><b>SNC DEFOUR <\/b>best\u00e4tigt dem Kunden die Annahme seiner Bestellung an die von ihm angegebene E-Mail-Adresse. Der Verkauf kommt erst mit der Best\u00e4tigung der Bestellung zustande. <\/p><p>\u201eDer Verk\u00e4ufer\u201c beh\u00e4lt sich das Recht vor, die Bestellung eines Kunden zu stornieren, insbesondere wenn ein Streit bez\u00fcglich der Zahlung einer fr\u00fcheren Bestellung besteht. Die vom \u201eK\u00e4ufer\u201c bei der Bestellung gemachten Angaben sind f\u00fcr ihn bindend. Bei Fehlern in den Adressdaten des Empf\u00e4ngers kann der Verk\u00e4ufer nicht f\u00fcr die Unm\u00f6glichkeit der Produktlieferung verantwortlich gemacht werden.  <\/p><ol start=\"4\"><li><h2><b>Widerrufsrecht<\/b><\/h2><\/li><\/ol><h4><b>4.1 Widerrufsrecht<\/b><\/h4><p>Gem\u00e4\u00df den geltenden gesetzlichen Bestimmungen hat der Kunde eine Frist von vierzehn (14) Tagen ab Erhalt des Produkts, um sein Widerrufsrecht gegen\u00fcber dem Verk\u00e4ufer auszu\u00fcben, ohne Angabe von Gr\u00fcnden und ohne Zahlung einer Strafe, zum Zwecke einer Gutschrift, die im Online-Shop oder im physischen Gesch\u00e4ft eingel\u00f6st werden kann, vorausgesetzt, die Produkte werden in ihrer Originalverpackung und in neuem Zustand mit dem Kaufetikett, ungetragen und ungewaschen, sp\u00e4testens innerhalb von vierzehn (14) Tagen nach Mitteilung der Widerrufsentscheidung des Kunden an den Verk\u00e4ufer, zur\u00fcckgesandt. R\u00fccksendungen m\u00fcssen im Originalzustand und vollst\u00e4ndig erfolgen (Verpackung, Zubeh\u00f6r, Anleitung\u2026). Produkte, die diese Bedingungen nicht erf\u00fcllen oder besch\u00e4digt oder unvollst\u00e4ndig sind, werden nicht zur\u00fcckgenommen.   <b>Der Widerruf muss schriftlich oder per E-Mail an den Verk\u00e4ufer an die hier angegebene Adresse erfolgen.<\/b><\/p><p>Im Falle der Aus\u00fcbung des Widerrufsrechts innerhalb der oben genannten Frist wird nur der Preis des oder der gekauften Produkte in Form einer Gutschrift erstattet; die R\u00fccksendekosten gehen zu Lasten des Kunden f\u00fcr alle Lieferungen, die in Frankreich erfolgt sind. <\/p><p>F\u00fcr R\u00fccksendungen aus dem Ausland (au\u00dferhalb Frankreichs) gehen die R\u00fccksendekosten zu Lasten des Kunden, wobei in diesem Fall keine Bearbeitungsgeb\u00fchren von der Gutschrift f\u00fcr die zur\u00fcckgesandten und konformen Artikel abgezogen werden.<\/p><p>Der Nachweis der wirksamen Aus\u00fcbung des Widerrufsrechts obliegt dem K\u00e4ufer.<\/p><p>Der Verk\u00e4ufer beh\u00e4lt sich das Recht vor, die Gutschrift bis zum Erhalt des Produkts oder des Versandnachweises dieses Produkts durch den K\u00e4ufer aufzuschieben, wobei das fr\u00fchere dieser Ereignisse als ma\u00dfgeblicher Zeitpunkt gilt.<\/p><h4><b>4.2 Einschr\u00e4nkungen des Widerrufsrechts<\/b><\/h4><p>In keinem Fall darf die Aus\u00fcbung des Widerrufsrechts durch den K\u00e4ufer missbr\u00e4uchlich sein. In jedem Fall wird jede unvollst\u00e4ndige, einschlie\u00dflich der Bedienungsanleitungen, besch\u00e4digte, benutzte, gewaschene, ruinierte, verschmutzte oder auch nur teilweise verbrauchte Bestellung nicht erstattet. Der K\u00e4ufer kann f\u00fcr einen Wertverlust der Waren haftbar gemacht werden, der auf einen Umgang mit den Waren zur\u00fcckzuf\u00fchren ist, der \u00fcber die Pr\u00fcfung der Art, Eigenschaften und Funktionsweise der Produkte hinausgeht. Um die Art, Eigenschaften und Funktionsweise der Produkte festzustellen, darf der K\u00e4ufer diese nur so handhaben und pr\u00fcfen, wie es ihm auch in einem Ladengesch\u00e4ft gestattet w\u00e4re. Zum Beispiel darf er ein Kleidungsst\u00fcck nur anprobieren und nicht tragen. Folglich sollte der K\u00e4ufer die Kleidung mit der gebotenen Sorgfalt behandeln und pr\u00fcfen.<\/p><ol start=\"5\"><li><h2><b>Lieferung<\/b><\/h2><\/li><\/ol><p>Nach Bestellbest\u00e4tigung verpflichtet sich \u201eder Verk\u00e4ufer\u201c, alle von \u201edem K\u00e4ufer\u201c bestellten Artikel an seinen Spediteur zu \u00fcbergeben, und dies innerhalb einer Frist von maximal 18 Werktagen.<\/p><p>F\u00fcr Lieferungen au\u00dferhalb des franz\u00f6sischen Mutterlandes verpflichtet sich der Kunde, alle bei der Einfuhr von Produkten anfallenden Steuern, Z\u00f6lle, Mehrwertsteuern und alle anderen Steuern gem\u00e4\u00df den Gesetzen des Empf\u00e4ngerlandes der Bestellung zu entrichten. <b>\u201eDer Verk\u00e4ufer\u201c <\/b>entbindet sich hiermit von jeglicher rechtlichen Verantwortung, falls die Entrichtung der Steuern nicht durch den Kunden erfolgt.<\/p><p>Die Lieferung erfolgt durch Chronopost oder Colissimo.<\/p><p>Lieferungen in L\u00e4nder der EWG erfolgen durch La Poste per Colissimo Europe mit Sendungsverfolgung oder Chronopost.<\/p><p>F\u00fcr Lieferungen au\u00dferhalb der EWG erfolgen die Lieferungen durch internationale Postdienste. Die Waren reisen stets auf Risiko des Empf\u00e4ngers. \u00dcberpr\u00fcfe dein Paket immer bei Ankunft. Du hast 48 Stunden Zeit, um eventuelle Vorbehalte beim Transportunternehmen im Falle einer Besch\u00e4digung geltend zu machen. <\/p><ol start=\"6\"><li><h2><strong>Preise<\/strong><\/h2><\/li><\/ol><p>Der Preis ist in Euro angegeben.<\/p><p>Der auf den Produktseiten angegebene Preis beinhaltet den Transport f\u00fcr Bestellungen, die nach Frankreich geliefert werden. F\u00fcr Lieferungen in andere L\u00e4nder werden die Versandkosten im letzten Schritt des Kaufs hinzugef\u00fcgt.<\/p><p>Der in der Bestellbest\u00e4tigung angegebene Preis ist der Endpreis, inklusive aller Steuern f\u00fcr Frankreich und die EWG-L\u00e4nder. Dieser Preis beinhaltet den Produktpreis, die Bearbeitungs-, Verpackungs-, Transport- und Inbetriebnahmegeb\u00fchren.<\/p><p>Der Verk\u00e4ufer beh\u00e4lt sich das Recht vor, seine Preise jederzeit zu \u00e4ndern, wobei jedoch der am Tag der Bestellung im Katalog angegebene Preis f\u00fcr den K\u00e4ufer allein ma\u00dfgeblich ist. Die Versandkosten gehen zu Lasten des K\u00e4ufers; sie umfassen den Versandpreis (aktuelle Tarife der La Poste), die Verpackung sowie Logistikkosten.<\/p><p>F\u00fcr den Rest der Welt k\u00f6nnen zum urspr\u00fcnglich auf der Website angegebenen Preis verschiedene Zollgeb\u00fchren und Steuern hinzukommen. Diese gehen ausschlie\u00dflich zu Lasten des K\u00e4ufers.<\/p><ol start=\"7\"><li><h2><b>Streitigkeiten<\/b><\/h2><\/li><\/ol><p>Dieser Vertrag unterliegt franz\u00f6sischem Recht. <strong>SNC DEFOUR<\/strong> kann nicht f\u00fcr Sch\u00e4den jeglicher Art, ob materiell, immateriell oder k\u00f6rperlich, haftbar gemacht werden, die aus einer Fehlfunktion oder unsachgem\u00e4\u00dfen Verwendung der vertriebenen Produkte resultieren k\u00f6nnten.<\/p><p>Die Haftung von <b>SNC DEFOUR<\/b> ist in jedem Fall auf den Betrag der Bestellung begrenzt und kann nicht f\u00fcr einfache Fehler oder Auslassungen geltend gemacht werden, die trotz aller Vorsichtsma\u00dfnahmen bei der Produktpr\u00e4sentation bestehen geblieben sein k\u00f6nnten. Bei Schwierigkeiten bei der Anwendung dieses Vertrags hat der K\u00e4ufer die M\u00f6glichkeit, vor jeder gerichtlichen Klage eine g\u00fctliche L\u00f6sung zu suchen, insbesondere mit Hilfe eines Branchenverbandes, eines Verbraucherschutzverbandes oder eines anderen Beraters seiner Wahl. Es wird darauf hingewiesen, dass die Suche nach einer g\u00fctlichen L\u00f6sung die \u201ekurze Frist\u201c der gesetzlichen Gew\u00e4hrleistung nicht unterbricht, noch die Dauer der vertraglichen Garantie. Es wird darauf hingewiesen, dass im Allgemeinen und vorbehaltlich der Beurteilung durch die Gerichte die Einhaltung der Bestimmungen dieses Vertrags bez\u00fcglich der vertraglichen Garantie voraussetzt, dass der K\u00e4ufer seine finanziellen Verpflichtungen gegen\u00fcber dem Verk\u00e4ufer erf\u00fcllt.<\/p><p>Reklamationen oder Beanstandungen werden stets wohlwollend und aufmerksam entgegengenommen, wobei bei demjenigen, der sich die M\u00fche macht, seine Situation darzulegen, stets von gutem Glauben ausgegangen wird. Im Falle eines Rechtsstreits wird sich der Kunde vorrangig an das Unternehmen wenden, um eine g\u00fctliche L\u00f6sung zu erzielen.<\/p><p>Andernfalls ist das Handelsgericht Paris allein zust\u00e4ndig, unabh\u00e4ngig vom Lieferort und den akzeptierten Zahlungsmodalit\u00e4ten.<\/p><ol start=\"8\"><li><h2><b>Rechtliche Hinweise<\/b><\/h2><\/li><\/ol><p>Die Angabe der f\u00fcr den Fernabsatz erhobenen personenbezogenen Daten ist obligatorisch, da diese Informationen f\u00fcr die Bearbeitung und den Versand von Bestellungen, die Erstellung von Rechnungen und Garantievereinbarungen unerl\u00e4sslich sind. Die Nichtangabe f\u00fchrt zur Nichtbest\u00e4tigung der Bestellung.<\/p><p>Gem\u00e4\u00df dem Gesetz \u201eInformatique et Libert\u00e9s\u201c wurde die Verarbeitung der personenbezogenen Daten der Kunden bei der Commission Nationale de l\u2019Informatique et des Libert\u00e9s (CNIL) angemeldet. Der Kunde hat (Artikel 34 des Gesetzes vom 6. Januar 1978) ein Recht auf Zugang, \u00c4nderung, Berichtigung und L\u00f6schung der ihn betreffenden Daten, das er bei <strong>SNC DEFOUR<\/strong> aus\u00fcben kann. Dar\u00fcber hinaus verpflichtet sich <b>SNC DEFOUR<\/b>, die Kontaktdaten ihrer Kunden weder kostenlos noch gegen Entgelt an Dritte weiterzugeben.<\/p><ol start=\"9\"><li><h2><strong>Zahlung<\/strong><\/h2><\/li><\/ol><p>Der dem Kunden in Rechnung gestellte Preis ist der in der von <b>SNC DEFOUR<\/b> versandten Bestellbest\u00e4tigung angegebene Preis.<\/p><p>Der Preis der Produkte ist am Tag der tats\u00e4chlichen Bestellung sofort f\u00e4llig.<\/p><p>Die Zahlungen erfolgen \u00fcber die sichere Plattform Stripe.<\/p><p><b>Geistiges Eigentum und F\u00e4lschungen.<\/b><\/p><p><b>SNC DEFOUR<\/b> ist Inhaber der geistigen Eigentumsrechte und besitzt die Nutzungsrechte an allen auf der Website zug\u00e4nglichen Elementen, insbesondere Texten, Bildern, Grafiken, Logos, Videos, Architektur, Icons und Sounds.<\/p><p>Jede Vervielf\u00e4ltigung, Darstellung, \u00c4nderung, Ver\u00f6ffentlichung, Anpassung aller oder eines Teils der Elemente der Website, unabh\u00e4ngig vom verwendeten Mittel oder Verfahren, ist untersagt, es sei denn, es liegt eine vorherige schriftliche Genehmigung von <b>SNC DEFOUR<\/b> vor.<\/p><p>Jede unbefugte Nutzung der Website oder eines ihrer Elemente wird als F\u00e4lschung angesehen und gem\u00e4\u00df den Bestimmungen der Artikel <a href=\"https:\/\/www.legifrance.gouv.fr\/affichCodeArticle.do?idArticle=LEGIARTI000032655082&amp;cidTexte=LEGITEXT000006069414&amp;dateTexte=20160605\">L.335-2 ff. des Gesetzes \u00fcber geistiges Eigentum<\/a> verfolgt.<\/p>\t\t\t\t\t\t\t\t<\/div>\n\t\t\t\t<\/div>\n\t\t\t\t<\/div>\n\t\t","protected":false},"excerpt":{"rendered":"<p>AGB &amp; Impressum SNC DEFOUR ist eine Offene Handelsgesellschaft SIRET-Nr.: 30570891900017 Angaben: Firmenname: SNC DEFOUR E-Mail-Adresse: mail@campdudomaine.com Name des Verantwortlichen: Marc DEFOUR Firmenadresse: 2581 Rte de B\u00e9nat, 83230 Bormes les mimosas, Frankreich E-Mail: mail@campdudomaine.com Website: www.campdudomaine.shop Umgesetzt von Agence SewaLab Die Website wird von HOSTINGER gehostet, mit Sitz in HOSTINGER INTERNATIONAL LTD, 61 Lordou Vironos [&hellip;]<\/p>\n","protected":false},"author":1,"featured_media":0,"parent":0,"menu_order":0,"comment_status":"closed","ping_status":"open","template":"","meta":{"footnotes":""},"class_list":["post-807","page","type-page","status-publish","hentry"],"yoast_head":"<!-- This site is optimized with the Yoast SEO plugin v27.4 - https:\/\/yoast.com\/product\/yoast-seo-wordpress\/ -->\n<title>AGB &amp; Impressum - La Boutique du Camp du Domaine<\/title>\n<meta name=\"description\" content=\"Prolongez l&#039;exp\u00e9rience Camp du Domaine ! D\u00e9couvrez notre boutique en ligne : v\u00eatements exclusifs, produits de soin haut de gamme et r\u00e9servations de soins Spa pour un s\u00e9jour bien-\u00eatre inoubliable \u00e0 Bormes\" \/>\n<meta name=\"robots\" content=\"index, follow, max-snippet:-1, max-image-preview:large, max-video-preview:-1\" \/>\n<link rel=\"canonical\" href=\"https:\/\/campdudomaine.shop\/de\/agb-impressum\/\" \/>\n<meta property=\"og:locale\" content=\"de_DE\" \/>\n<meta property=\"og:type\" content=\"article\" \/>\n<meta property=\"og:title\" content=\"AGB &amp; Impressum - La Boutique du Camp du Domaine\" \/>\n<meta property=\"og:description\" content=\"Prolongez l&#039;exp\u00e9rience Camp du Domaine ! D\u00e9couvrez notre boutique en ligne : v\u00eatements exclusifs, produits de soin haut de gamme et r\u00e9servations de soins Spa pour un s\u00e9jour bien-\u00eatre inoubliable \u00e0 Bormes\" \/>\n<meta property=\"og:url\" content=\"https:\/\/campdudomaine.shop\/de\/agb-impressum\/\" \/>\n<meta property=\"og:site_name\" content=\"La Boutique du Camp du Domaine\" \/>\n<meta property=\"article:modified_time\" content=\"2025-11-08T14:28:19+00:00\" \/>\n<meta name=\"twitter:card\" content=\"summary_large_image\" \/>\n<meta name=\"twitter:label1\" content=\"Gesch\u00e4tzte Lesezeit\" \/>\n\t<meta name=\"twitter:data1\" content=\"9\u00a0Minute\" \/>\n<script type=\"application\/ld+json\" class=\"yoast-schema-graph\">{\"@context\":\"https:\\\/\\\/schema.org\",\"@graph\":[{\"@type\":\"WebPage\",\"@id\":\"https:\\\/\\\/campdudomaine.shop\\\/de\\\/agb-impressum\\\/\",\"url\":\"https:\\\/\\\/campdudomaine.shop\\\/de\\\/agb-impressum\\\/\",\"name\":\"AGB &amp; Impressum - La Boutique du Camp du Domaine\",\"isPartOf\":{\"@id\":\"https:\\\/\\\/campdudomaine.shop\\\/de\\\/#website\"},\"datePublished\":\"2025-10-24T13:44:44+00:00\",\"dateModified\":\"2025-11-08T14:28:19+00:00\",\"description\":\"Prolongez l'exp\u00e9rience Camp du Domaine ! D\u00e9couvrez notre boutique en ligne : v\u00eatements exclusifs, produits de soin haut de gamme et r\u00e9servations de soins Spa pour un s\u00e9jour bien-\u00eatre inoubliable \u00e0 Bormes\",\"breadcrumb\":{\"@id\":\"https:\\\/\\\/campdudomaine.shop\\\/de\\\/agb-impressum\\\/#breadcrumb\"},\"inLanguage\":\"de\",\"potentialAction\":[{\"@type\":\"ReadAction\",\"target\":[\"https:\\\/\\\/campdudomaine.shop\\\/de\\\/agb-impressum\\\/\"]}]},{\"@type\":\"BreadcrumbList\",\"@id\":\"https:\\\/\\\/campdudomaine.shop\\\/de\\\/agb-impressum\\\/#breadcrumb\",\"itemListElement\":[{\"@type\":\"ListItem\",\"position\":1,\"name\":\"Accueil\",\"item\":\"https:\\\/\\\/campdudomaine.shop\\\/de\\\/startseite\\\/\"},{\"@type\":\"ListItem\",\"position\":2,\"name\":\"AGB &amp; Impressum\"}]},{\"@type\":\"WebSite\",\"@id\":\"https:\\\/\\\/campdudomaine.shop\\\/de\\\/#website\",\"url\":\"https:\\\/\\\/campdudomaine.shop\\\/de\\\/\",\"name\":\"La Boutique du Camp du Domaine\",\"description\":\"\",\"publisher\":{\"@id\":\"https:\\\/\\\/campdudomaine.shop\\\/de\\\/#organization\"},\"potentialAction\":[{\"@type\":\"SearchAction\",\"target\":{\"@type\":\"EntryPoint\",\"urlTemplate\":\"https:\\\/\\\/campdudomaine.shop\\\/de\\\/?s={search_term_string}\"},\"query-input\":{\"@type\":\"PropertyValueSpecification\",\"valueRequired\":true,\"valueName\":\"search_term_string\"}}],\"inLanguage\":\"de\"},{\"@type\":\"Organization\",\"@id\":\"https:\\\/\\\/campdudomaine.shop\\\/de\\\/#organization\",\"name\":\"La Boutique du Camp du Domaine\",\"url\":\"https:\\\/\\\/campdudomaine.shop\\\/de\\\/\",\"logo\":{\"@type\":\"ImageObject\",\"inLanguage\":\"de\",\"@id\":\"https:\\\/\\\/campdudomaine.shop\\\/de\\\/#\\\/schema\\\/logo\\\/image\\\/\",\"url\":\"https:\\\/\\\/campdudomaine.shop\\\/wp-content\\\/uploads\\\/2026\\\/03\\\/Logo-sans-fond.png\",\"contentUrl\":\"https:\\\/\\\/campdudomaine.shop\\\/wp-content\\\/uploads\\\/2026\\\/03\\\/Logo-sans-fond.png\",\"width\":2449,\"height\":2560,\"caption\":\"La Boutique du Camp du Domaine\"},\"image\":{\"@id\":\"https:\\\/\\\/campdudomaine.shop\\\/de\\\/#\\\/schema\\\/logo\\\/image\\\/\"}}]}<\/script>\n<!-- \/ Yoast SEO plugin. -->","yoast_head_json":{"title":"AGB &amp; Impressum - La Boutique du Camp du Domaine","description":"Prolongez l'exp\u00e9rience Camp du Domaine ! D\u00e9couvrez notre boutique en ligne : v\u00eatements exclusifs, produits de soin haut de gamme et r\u00e9servations de soins Spa pour un s\u00e9jour bien-\u00eatre inoubliable \u00e0 Bormes","robots":{"index":"index","follow":"follow","max-snippet":"max-snippet:-1","max-image-preview":"max-image-preview:large","max-video-preview":"max-video-preview:-1"},"canonical":"https:\/\/campdudomaine.shop\/de\/agb-impressum\/","og_locale":"de_DE","og_type":"article","og_title":"AGB &amp; Impressum - La Boutique du Camp du Domaine","og_description":"Prolongez l'exp\u00e9rience Camp du Domaine ! D\u00e9couvrez notre boutique en ligne : v\u00eatements exclusifs, produits de soin haut de gamme et r\u00e9servations de soins Spa pour un s\u00e9jour bien-\u00eatre inoubliable \u00e0 Bormes","og_url":"https:\/\/campdudomaine.shop\/de\/agb-impressum\/","og_site_name":"La Boutique du Camp du Domaine","article_modified_time":"2025-11-08T14:28:19+00:00","twitter_card":"summary_large_image","twitter_misc":{"Gesch\u00e4tzte Lesezeit":"9\u00a0Minute"},"schema":{"@context":"https:\/\/schema.org","@graph":[{"@type":"WebPage","@id":"https:\/\/campdudomaine.shop\/de\/agb-impressum\/","url":"https:\/\/campdudomaine.shop\/de\/agb-impressum\/","name":"AGB &amp; Impressum - La Boutique du Camp du Domaine","isPartOf":{"@id":"https:\/\/campdudomaine.shop\/de\/#website"},"datePublished":"2025-10-24T13:44:44+00:00","dateModified":"2025-11-08T14:28:19+00:00","description":"Prolongez l'exp\u00e9rience Camp du Domaine ! D\u00e9couvrez notre boutique en ligne : v\u00eatements exclusifs, produits de soin haut de gamme et r\u00e9servations de soins Spa pour un s\u00e9jour bien-\u00eatre inoubliable \u00e0 Bormes","breadcrumb":{"@id":"https:\/\/campdudomaine.shop\/de\/agb-impressum\/#breadcrumb"},"inLanguage":"de","potentialAction":[{"@type":"ReadAction","target":["https:\/\/campdudomaine.shop\/de\/agb-impressum\/"]}]},{"@type":"BreadcrumbList","@id":"https:\/\/campdudomaine.shop\/de\/agb-impressum\/#breadcrumb","itemListElement":[{"@type":"ListItem","position":1,"name":"Accueil","item":"https:\/\/campdudomaine.shop\/de\/startseite\/"},{"@type":"ListItem","position":2,"name":"AGB &amp; Impressum"}]},{"@type":"WebSite","@id":"https:\/\/campdudomaine.shop\/de\/#website","url":"https:\/\/campdudomaine.shop\/de\/","name":"La Boutique du Camp du Domaine","description":"","publisher":{"@id":"https:\/\/campdudomaine.shop\/de\/#organization"},"potentialAction":[{"@type":"SearchAction","target":{"@type":"EntryPoint","urlTemplate":"https:\/\/campdudomaine.shop\/de\/?s={search_term_string}"},"query-input":{"@type":"PropertyValueSpecification","valueRequired":true,"valueName":"search_term_string"}}],"inLanguage":"de"},{"@type":"Organization","@id":"https:\/\/campdudomaine.shop\/de\/#organization","name":"La Boutique du Camp du Domaine","url":"https:\/\/campdudomaine.shop\/de\/","logo":{"@type":"ImageObject","inLanguage":"de","@id":"https:\/\/campdudomaine.shop\/de\/#\/schema\/logo\/image\/","url":"https:\/\/campdudomaine.shop\/wp-content\/uploads\/2026\/03\/Logo-sans-fond.png","contentUrl":"https:\/\/campdudomaine.shop\/wp-content\/uploads\/2026\/03\/Logo-sans-fond.png","width":2449,"height":2560,"caption":"La Boutique du Camp du Domaine"},"image":{"@id":"https:\/\/campdudomaine.shop\/de\/#\/schema\/logo\/image\/"}}]}},"_hostinger_reach_plugin_has_subscription_block":false,"_hostinger_reach_plugin_is_elementor":false,"_links":{"self":[{"href":"https:\/\/campdudomaine.shop\/de\/wp-json\/wp\/v2\/pages\/807","targetHints":{"allow":["GET"]}}],"collection":[{"href":"https:\/\/campdudomaine.shop\/de\/wp-json\/wp\/v2\/pages"}],"about":[{"href":"https:\/\/campdudomaine.shop\/de\/wp-json\/wp\/v2\/types\/page"}],"author":[{"embeddable":true,"href":"https:\/\/campdudomaine.shop\/de\/wp-json\/wp\/v2\/users\/1"}],"replies":[{"embeddable":true,"href":"https:\/\/campdudomaine.shop\/de\/wp-json\/wp\/v2\/comments?post=807"}],"version-history":[{"count":1,"href":"https:\/\/campdudomaine.shop\/de\/wp-json\/wp\/v2\/pages\/807\/revisions"}],"predecessor-version":[{"id":808,"href":"https:\/\/campdudomaine.shop\/de\/wp-json\/wp\/v2\/pages\/807\/revisions\/808"}],"wp:attachment":[{"href":"https:\/\/campdudomaine.shop\/de\/wp-json\/wp\/v2\/media?parent=807"}],"curies":[{"name":"wp","href":"https:\/\/api.w.org\/{rel}","templated":true}]}}